{"id":31,"date":"2025-07-18T03:40:09","date_gmt":"2025-07-18T03:40:09","guid":{"rendered":"https:\/\/go-east-advisors.com\/?page_id=31"},"modified":"2025-08-11T12:23:37","modified_gmt":"2025-08-11T12:23:37","slug":"uber-uns","status":"publish","type":"page","link":"https:\/\/go-east-advisors.com\/de\/uber-uns\/","title":{"rendered":"\u00dcber uns"},"content":{"rendered":"<div class=\"mntd\">\n\n\t<section class=\"section has-parallax\" id=\"section_350352813\">\n\t\t<div class=\"section-bg fill\" data-parallax-container=\".section\" data-parallax-background data-parallax=\"-3\">\n\t\t\t<img loading=\"lazy\" decoding=\"async\" width=\"1902\" height=\"640\" src=\"https:\/\/go-east-advisors.com\/de\/wp-content\/uploads\/2025\/07\/banner-goeast2.jpg\" class=\"bg attachment-original size-original\" alt=\"\" \/>\t\t\t\t\t\t\n\t\t\t\n\t<div class=\"is-border\"\n\t\tstyle=\"border-color:rgb(235, 235, 235);border-width:1px 0px 0px 0px;\">\n\t<\/div>\n\n\t\t<\/div>\n\n\t\t\n\n\t\t<div class=\"section-content relative\">\n\t\t\t\n<div class=\"row\"  id=\"row-751758148\">\n\n\t<div id=\"col-1184304390\" class=\"col medium-6 small-12 large-6\"  >\n\t\t\t\t<div class=\"col-inner\"  >\n\t\t\t\n\t\t\t\n\t<div id=\"text-2308373480\" class=\"text\">\n\t\t\n<p><\/p>\n<h2>\u00dcber uns<\/h2>\n<p>Go East Advisors ist auf die Beratung indischer Unternehmen im Chemiesektor spezialisiert, um sie zu einer nachhaltigen Entwicklung und globalen Integration zu f\u00fchren.<\/p>\n\t\t\n<style>\n#text-2308373480 {\n  color: rgb(255,255,255);\n}\n#text-2308373480 > * {\n  color: rgb(255,255,255);\n}\n<\/style>\n\t<\/div>\n\t\n\t\t<\/div>\n\t\t\t\t\t<\/div>\n\n\t\n<\/div>\n\t\t<\/div>\n\n\t\t\n<style>\n#section_350352813 {\n  padding-top: 60px;\n  padding-bottom: 60px;\n  min-height: 300px;\n  background-color: rgb(245, 245, 245);\n}\n@media (min-width:550px) {\n  #section_350352813 {\n    min-height: 400px;\n  }\n}\n@media (min-width:850px) {\n  #section_350352813 {\n    min-height: 500px;\n  }\n}\n<\/style>\n\t<\/section>\n\t\n<\/p><\/div>\n<div class=\"pgpr\">\n<div class=\"row sds3\"  id=\"row-318258516\">\n\n\t<div id=\"col-949682678\" class=\"col small-12 large-12\"  >\n\t\t\t\t<div class=\"col-inner\"  >\n\t\t\t\n\t\t\t\n<h3>Das Erfolgspotenzial in Indien aussch\u00f6pfen, Wachstumschancen ergreifen und Beschaffungsm\u00e4rkte mit dem Know-how, den Kontakten und der Expertise von Insidern entwickeln.<\/h3>\n<p>Go East Advisors ist ein Unternehmen, das sich auf die Gr\u00fcndung und Entwicklung indischer Unternehmen in der Chemieindustrie und in verwandten Branchen spezialisiert hat.<\/p>\n<p>Wir unterst\u00fctzen und beraten Sie, wenn Sie Ihr Unternehmen von Anfang an optimal in Indien positionieren und kostspielige Fehler beim Markteintritt vermeiden m\u00f6chten \u2013 oder wenn Sie Ihr indisches Gesch\u00e4ft neu ausrichten und damit wieder auf Erfolgskurs bringen wollen.<\/p>\n\t\t<\/div>\n\t\t\t\t\t<\/div>\n\n\t\n<div class=\"sdee\">\n\n\t<div id=\"col-334783131\" class=\"col small-12 large-12\"  data-animate=\"flipInY\">\n\t\t\t\t<div class=\"col-inner\"  >\n\t\t\t\n\t\t\t\n\n\t<section class=\"section\" id=\"section_491245764\">\n\t\t<div class=\"section-bg fill\" >\n\t\t\t<img loading=\"lazy\" decoding=\"async\" width=\"1902\" height=\"640\" src=\"https:\/\/go-east-advisors.com\/de\/wp-content\/uploads\/2025\/07\/GOEAST-BLOG-BANNER.jpg\" class=\"bg attachment-original size-original\" alt=\"\" \/>\t\t\t\t\t\t\n\t\t\t\n\n\t\t<\/div>\n\n\t\t\n\n\t\t<div class=\"section-content relative\">\n\t\t\t\n<div class=\"row\"  id=\"row-1957376138\">\n\n\t<div id=\"col-1409842964\" class=\"col small-12 large-12\"  >\n\t\t\t\t<div class=\"col-inner\"  >\n\t\t\t\n\t\t\t\n<h4>Was uns auszeichnet<\/h4>\n\t\t<\/div>\n\t\t\t\t\t<\/div>\n\n\t\n\n\t<div id=\"col-2046814216\" class=\"col medium-6 small-12 large-6\"  >\n\t\t\t\t<div class=\"col-inner\"  >\n\t\t\t\n\t\t\t\n<ul>\n<li>Einzigartige chemische Expertise und unser lokaler Standort in der N\u00e4he der indischen Wirtschaftsmetropole Mumbai.<\/li>\n<li>Logistikdienstleistungen mit Schwerpunkt auf chemischen Produkten: Die lokale Lagerung von Produkten, das Umpacken vor Ort und\/oder die Montage nach Ihren Anforderungen \u2013 all dies ist m\u00f6glich mit Unterst\u00fctzung unserer Logistiktochter Scope Logistic Services India Pvt. Ltd.<\/li>\n<\/ul>\n\t\t<\/div>\n\t\t\t\t\t<\/div>\n\n\t\n\n\t<div id=\"col-369937041\" class=\"col medium-6 small-12 large-6\"  >\n\t\t\t\t<div class=\"col-inner\"  >\n\t\t\t\n\t\t\t\n<ul>\n<li>Eine Marketingplattform, die speziell f\u00fcr chemische und verwandte Produkte entwickelt wurde und von der aus Sie den Markt kosteng\u00fcnstig, eigenst\u00e4ndig und\/oder mit unserer fachkundigen Unterst\u00fctzung erschlie\u00dfen k\u00f6nnen.<\/li>\n<li>Kompetenter Zugang zum indischen Beschaffungsmarkt f\u00fcr mineralische und chemische Rohstoffe, Zwischenprodukte und Additive \u2013 mit langj\u00e4hriger Erfahrung und einem einzigartigen, belastbaren Netzwerk.<\/li>\n<\/ul>\n\t\t<\/div>\n\t\t\t\t\t<\/div>\n\n\t\n<\/div>\n\t\t<\/div>\n\n\t\t\n<style>\n#section_491245764 {\n  padding-top: 30px;\n  padding-bottom: 30px;\n}\n<\/style>\n\t<\/section>\n\t\n\t\t<\/div>\n\t\t\t\t\t<\/div>\n\n\t\n<\/p><\/div>\n<\/div>\n<div class=\"row row-large lpo\"  id=\"row-2057149040\">\n\n\t<div id=\"col-131446035\" class=\"col medium-4 small-12 large-4\"  data-animate=\"bounceInLeft\">\n\t\t\t\t<div class=\"col-inner\"  >\n\t\t\t\n\t\t\t\n\n\t\t<div class=\"icon-box featured-box icon-box-center text-center\"  >\n\t\t\t\t\t<div class=\"icon-box-img\" style=\"width: 91px\">\n\t\t\t\t<div class=\"icon\">\n\t\t\t\t\t<div class=\"icon-inner\" >\n\t\t\t\t\t\t<img loading=\"lazy\" decoding=\"async\" width=\"300\" height=\"300\" src=\"https:\/\/go-east-advisors.com\/de\/wp-content\/uploads\/2025\/07\/ab2-300x300.png\" class=\"attachment-medium size-medium\" alt=\"\" srcset=\"https:\/\/go-east-advisors.com\/de\/wp-content\/uploads\/2025\/07\/ab2-300x300.png 300w, https:\/\/go-east-advisors.com\/de\/wp-content\/uploads\/2025\/07\/ab2-150x150.png 150w, https:\/\/go-east-advisors.com\/de\/wp-content\/uploads\/2025\/07\/ab2.png 512w\" sizes=\"auto, (max-width: 300px) 100vw, 300px\" \/>\t\t\t\t\t<\/div>\n\t\t\t\t<\/div>\n\t\t\t<\/div>\n\t\t\t\t<div class=\"icon-box-text last-reset\">\n\t\t\t\t\t\t\t\t\t\n<h3>Unsere Expertise<br \/>\n<\/h3>\n<p>Was uns kennzeichnet: Langj\u00e4hrige strategische und operative Erfahrung im asiatischen Markt und tiefgreifendes Branchen-Know-how. Wir verf\u00fcgen \u00fcber ein umfangreiches Netzwerk bestehend aus Marktinsidern und Unternehmensf\u00fchrern und -eigent\u00fcmern sowie Top-Kontakte zu Beh\u00f6rden und Politik.<\/p>\n\t\t<\/div>\n\t<\/div>\n\t\n\t\n\t\t<\/div>\n\t\t\t\t\t<\/div>\n\n\t\n\n\t<div id=\"col-1719760170\" class=\"col medium-4 small-12 large-4\"  data-animate=\"bounceInDown\">\n\t\t\t\t<div class=\"col-inner\"  >\n\t\t\t\n\t\t\t\n\n\t\t<div class=\"icon-box featured-box icon-box-center text-center\"  >\n\t\t\t\t\t<div class=\"icon-box-img\" style=\"width: 91px\">\n\t\t\t\t<div class=\"icon\">\n\t\t\t\t\t<div class=\"icon-inner\" >\n\t\t\t\t\t\t<img loading=\"lazy\" decoding=\"async\" width=\"300\" height=\"300\" src=\"https:\/\/go-east-advisors.com\/de\/wp-content\/uploads\/2025\/07\/ab3-300x300.png\" class=\"attachment-medium size-medium\" alt=\"\" srcset=\"https:\/\/go-east-advisors.com\/de\/wp-content\/uploads\/2025\/07\/ab3-300x300.png 300w, https:\/\/go-east-advisors.com\/de\/wp-content\/uploads\/2025\/07\/ab3-150x150.png 150w, https:\/\/go-east-advisors.com\/de\/wp-content\/uploads\/2025\/07\/ab3.png 512w\" sizes=\"auto, (max-width: 300px) 100vw, 300px\" \/>\t\t\t\t\t<\/div>\n\t\t\t\t<\/div>\n\t\t\t<\/div>\n\t\t\t\t<div class=\"icon-box-text last-reset\">\n\t\t\t\t\t\t\t\t\t\n<h3>Unser Leistungsspektrum<\/p>\n<\/h3>\n<p>Wir beraten und betreuen europ\u00e4ische Unternehmen, die sich eine Pr\u00e4senz in Indien aufbauen, ihre bereits bestehende Pr\u00e4senz verst\u00e4rken  oder sich Indien als Einkaufsmarkt erschlie\u00dfen wollen. Die hohe Dynamik, mit der sich die M\u00e4rkte ver\u00e4ndern, erfordert schnelles Handeln und fundierte Kenntnisse sowohl der europ\u00e4ischen wie der asiatischen Strukturen. Wir begleiten die Implementierung ebenso wie eine erfolgreiche Weiterentwicklung Ihrer Indiengesch\u00e4fte.<\/p>\n\t\t<\/div>\n\t<\/div>\n\t\n\t\n\t\t<\/div>\n\t\t\t\t\t<\/div>\n\n\t\n\n\t<div id=\"col-548734005\" class=\"col medium-4 small-12 large-4\"  data-animate=\"bounceInRight\">\n\t\t\t\t<div class=\"col-inner\"  >\n\t\t\t\n\t\t\t\n\n\t\t<div class=\"icon-box featured-box icon-box-center text-center\"  >\n\t\t\t\t\t<div class=\"icon-box-img\" style=\"width: 91px\">\n\t\t\t\t<div class=\"icon\">\n\t\t\t\t\t<div class=\"icon-inner\" >\n\t\t\t\t\t\t<img loading=\"lazy\" decoding=\"async\" width=\"300\" height=\"300\" src=\"https:\/\/go-east-advisors.com\/de\/wp-content\/uploads\/2025\/07\/ab1-300x300.png\" class=\"attachment-medium size-medium\" alt=\"\" srcset=\"https:\/\/go-east-advisors.com\/de\/wp-content\/uploads\/2025\/07\/ab1-300x300.png 300w, https:\/\/go-east-advisors.com\/de\/wp-content\/uploads\/2025\/07\/ab1-150x150.png 150w, https:\/\/go-east-advisors.com\/de\/wp-content\/uploads\/2025\/07\/ab1.png 512w\" sizes=\"auto, (max-width: 300px) 100vw, 300px\" \/>\t\t\t\t\t<\/div>\n\t\t\t\t<\/div>\n\t\t\t<\/div>\n\t\t\t\t<div class=\"icon-box-text last-reset\">\n\t\t\t\t\t\t\t\t\t\n<h3>Unsere Philosophie<\/p>\n<\/h3>\n<p>Qualit\u00e4t, Zuverl\u00e4ssigkeit und der Anspruch, die beste individuelle L\u00f6sung f\u00fcr das jeweilige Vorhaben unserer Kunden zu entwickeln. Jederzeit.<\/p>\n\t\t<\/div>\n\t<\/div>\n\t\n\t\n\t\t<\/div>\n\t\t\t\t\t<\/div>\n\n\t\n<\/div>\n<\/p><\/div>\n","protected":false},"excerpt":{"rendered":"","protected":false},"author":1,"featured_media":0,"parent":0,"menu_order":0,"comment_status":"closed","ping_status":"closed","template":"page-blank.php","meta":{"footnotes":""},"class_list":["post-31","page","type-page","status-publish","hentry"],"_links":{"self":[{"href":"https:\/\/go-east-advisors.com\/de\/wp-json\/wp\/v2\/pages\/31","targetHints":{"allow":["GET"]}}],"collection":[{"href":"https:\/\/go-east-advisors.com\/de\/wp-json\/wp\/v2\/pages"}],"about":[{"href":"https:\/\/go-east-advisors.com\/de\/wp-json\/wp\/v2\/types\/page"}],"author":[{"embeddable":true,"href":"https:\/\/go-east-advisors.com\/de\/wp-json\/wp\/v2\/users\/1"}],"replies":[{"embeddable":true,"href":"https:\/\/go-east-advisors.com\/de\/wp-json\/wp\/v2\/comments?post=31"}],"version-history":[{"count":37,"href":"https:\/\/go-east-advisors.com\/de\/wp-json\/wp\/v2\/pages\/31\/revisions"}],"predecessor-version":[{"id":531,"href":"https:\/\/go-east-advisors.com\/de\/wp-json\/wp\/v2\/pages\/31\/revisions\/531"}],"wp:attachment":[{"href":"https:\/\/go-east-advisors.com\/de\/wp-json\/wp\/v2\/media?parent=31"}],"curies":[{"name":"wp","href":"https:\/\/api.w.org\/{rel}","templated":true}]}}