{"id":35,"date":"2025-07-18T03:40:52","date_gmt":"2025-07-18T03:40:52","guid":{"rendered":"https:\/\/go-east-advisors.com\/?page_id=35"},"modified":"2025-08-11T12:22:13","modified_gmt":"2025-08-11T12:22:13","slug":"datenschutzerklarung","status":"publish","type":"page","link":"https:\/\/go-east-advisors.com\/de\/datenschutzerklarung\/","title":{"rendered":"Datenschutzerkl\u00e4rung"},"content":{"rendered":"<div class=\"mntd\">\n\n\t<section class=\"section has-parallax\" id=\"section_1268185843\">\n\t\t<div class=\"section-bg fill\" data-parallax-container=\".section\" data-parallax-background data-parallax=\"-3\">\n\t\t\t<img loading=\"lazy\" decoding=\"async\" width=\"1902\" height=\"640\" src=\"https:\/\/go-east-advisors.com\/de\/wp-content\/uploads\/2025\/07\/privacy-page.jpg\" class=\"bg attachment-original size-original\" alt=\"\" \/>\t\t\t\t\t\t\n\t\t\t\n\t<div class=\"is-border\"\n\t\tstyle=\"border-color:rgb(235, 235, 235);border-width:1px 0px 0px 0px;\">\n\t<\/div>\n\n\t\t<\/div>\n\n\t\t\n\n\t\t<div class=\"section-content relative\">\n\t\t\t\n<div class=\"row\"  id=\"row-1520689364\">\n\n\t<div id=\"col-344806469\" class=\"col medium-6 small-12 large-6\"  >\n\t\t\t\t<div class=\"col-inner\"  >\n\t\t\t\n\t\t\t\n\t<div id=\"text-2787843816\" class=\"text\">\n\t\t\n<h2>Datenschutzerkl\u00e4rung<\/p>\n<\/h2>\n<p>Der Schutz und die Sicherheit personenbezogener Daten haben f\u00fcr uns oberste Priorit\u00e4t.<br \/>\n\t\t\n<style>\n#text-2787843816 {\n  color: rgb(255,255,255);\n}\n#text-2787843816 > * {\n  color: rgb(255,255,255);\n}\n<\/style>\n\t<\/div>\n\t\n\t\t<\/div>\n\t\t\t\t\t<\/div>\n\n\t\n<\/div>\n\t\t<\/div>\n\n\t\t\n<style>\n#section_1268185843 {\n  padding-top: 60px;\n  padding-bottom: 60px;\n  min-height: 300px;\n  background-color: rgb(245, 245, 245);\n}\n@media (min-width:550px) {\n  #section_1268185843 {\n    min-height: 400px;\n  }\n}\n@media (min-width:850px) {\n  #section_1268185843 {\n    min-height: 500px;\n  }\n}\n<\/style>\n\t<\/section>\n\t\n<\/p><\/div>\n<div class=\"pgpr lpp\">\n<div class=\"row row-large sds3 lpoo dk\"  id=\"row-559503656\">\n\n\t<div id=\"col-36115411\" class=\"col small-12 large-12\"  >\n\t\t\t\t<div class=\"col-inner\"  >\n\t\t\t\n\t\t\t\n<h3 class=\"sdssq\">Der Schutz und die Sicherheit von pers\u00f6nlichen Daten hat bei uns eine hohe Priorit\u00e4t. Daher halten wir uns strikt an die Regeln des deutschen Bundesdatenschutzgesetzes (BDSG). Nachfolgend informieren wir Sie dar\u00fcber, welche Art von Daten erfasst und zu welchem Zweck sie erhoben werden:<\/h3>\n\t\t<\/div>\n\t\t\t\t\t<\/div>\n\n\t\n\n\t<div id=\"col-1097170707\" class=\"col small-12 large-12\"  >\n\t\t\t\t<div class=\"col-inner\"  >\n\t\t\t\n\t\t\t\n<h2>1) Daten\u00fcbermittlung\/Datenprotokollierung<br \/>\n<\/h2>\n<p>Der Provider dieser Seiten erhebt und speichert automatisch Informationen in sogenannten Server-Log-Dateien, die Ihr Browser automatisch an uns \u00fcbermittelt. IP-Adressen und Hostnamen werden ausschlie\u00dflich anonymisiert und max. 6 Wochen gespeichert.<br \/>\nEine Zusammenf\u00fchrung dieser Daten mit anderen Datenquellen wird nicht vorgenommen.<br \/>\nGrundlage f\u00fcr die Datenverarbeitung ist Art. 6 Abs. 1 lit. b DSGVO, der die Verarbeitung von Daten zur Erf\u00fcllung eines Vertrags oder vorvertraglicher Ma\u00dfnahmen gestattet.<\/p>\n<h2>2) Nutzung pers\u00f6nlicher Daten<\/h2>\n<p>Pers\u00f6nliche Daten werden nur erhoben oder verarbeitet, wenn Sie diese Angaben freiwillig, z.B. im Rahmen einer Anfrage mitteilen. Sofern keine erforderlichen Gr\u00fcnde im Zusammenhang mit einer Gesch\u00e4ftsabwicklung bestehen, k\u00f6nnen Sie jederzeit die zuvor erteilte Genehmigung Ihrer pers\u00f6nlichen Datenspeicherung mit sofortiger Wirkung schriftlich (z.B. per E-Mail oder per Fax) widerrufen. Ihre Daten werden nicht an Dritte weitergeben, es sei denn, eine Weitergabe ist aufgrund gesetzlicher Vorschriften erforderlich.<\/p>\n<h2>3) Auskunft, \u00c4nderung und L\u00f6schung Ihrer Daten<br \/>\n<\/h2>\n<p>Gem\u00e4\u00df geltendem Recht k\u00f6nnen Sie jederzeit bei uns schriftlich nachfragen, ob und welche personenbezogenen Daten bei uns \u00fcber Sie gespeichert sind. Eine entsprechende Mitteilung hierzu erhalten Sie umgehend.<\/p>\n<h2>4) Sicherheit Ihrer Daten<br \/>\n<\/h2>\n<p>Ihre uns zur Verf\u00fcgung gestellten pers\u00f6nlichen Daten werden durch Ergreifung aller technischen sowie organisatorischen Sicherheitsma\u00dfnahmen so gesichert, dass sie f\u00fcr den Zugriff unberechtigter Dritter unzug\u00e4nglich sind. Bei Versendung von sehr sensiblen Daten oder Informationen ist es empfehlenswert, den Postweg zu nutzen, da eine vollst\u00e4ndige Datensicherheit per E-Mail nicht gew\u00e4hrleistet werden kann.<\/p>\n<h2>5) Cookies<\/h2>\n<p>Die Internetseiten verwenden teilweise sogenannte Cookies. Cookies sind kleine Textdateien, die auf Ihrem Rechner abgelegt werden und die Ihr Browser speichert. Cookies richten auf Ihrem Rechner keinen Schaden an und enthalten keine Viren. Sie dienen dazu, unser Angebot nutzerfreundlicher, effektiver und sicherer zu machen.\n<\/p>\n<p>Die meisten der von uns verwendeten Cookies sind so genannte \u201cSession-Cookies\u201d. Sie werden nach Ende Ihres Besuchs automatisch gel\u00f6scht. Andere Cookies bleiben auf Ihrem Endger\u00e4t gespeichert, bis Sie diese l\u00f6schen. Diese Cookies erm\u00f6glichen es uns, Ihren Browser beim n\u00e4chsten Besuch wiederzuerkennen.\n<\/p>\n<p>Sie k\u00f6nnen Ihren Browser so einstellen, dass Sie \u00fcber das Setzen von Cookies informiert werden. Dar\u00fcber hinaus k\u00f6nnen Sie Cookies nur im Einzelfall erlauben, die Annahme von Cookies f\u00fcr bestimmte F\u00e4lle oder generell ausschlie\u00dfen sowie das automatische L\u00f6schen der Cookies beim Schlie\u00dfen des Browser aktivieren. Bitte beachten Sie: Bei der Deaktivierung von Cookies kann die Funktionalit\u00e4t dieser Website eingeschr\u00e4nkt sein.<\/p>\n<h2>6) \u00c4nderungen dieser Datenschutzbestimmungen<br \/>\n<\/h2>\n<p>Wir werden diese Richtlinien zum Schutz Ihrer pers\u00f6nlichen Daten von Zeit zu Zeit aktualisieren. Indem Sie sich diese Richtlinien gelegentlich ansehen, halten Sie sich auf dem Laufenden dar\u00fcber, wie wir Ihre Daten sch\u00fctzen und die Inhalte unserer Website stetig verbessern. Sollten wir wesentliche \u00c4nderungen bei der Sammlung, der Nutzung und\/oder der Weitergabe der uns von Ihnen zur Verf\u00fcgung gestellten personenbezogenen Daten vornehmen, werden wir Sie durch einen eindeutigen und gut sichtbaren Hinweis auf der Website darauf aufmerksam machen. Mit der Nutzung der Webseite erkl\u00e4ren Sie sich mit den Bedingungen dieser Richtlinien zum Schutz pers\u00f6nlicher Daten einverstanden.<\/p>\n<p>Bei Fragen zu diesen Datenschutzbestimmungen wenden Sie sich bitte \u00fcber unsere Kontakt-Seite an uns.<\/p>\n\t\t<\/div>\n\t\t\t\t\t<\/div>\n\n\t\n<\/div>\n<\/p><\/div>\n","protected":false},"excerpt":{"rendered":"","protected":false},"author":1,"featured_media":0,"parent":0,"menu_order":0,"comment_status":"closed","ping_status":"closed","template":"page-blank.php","meta":{"footnotes":""},"class_list":["post-35","page","type-page","status-publish","hentry"],"_links":{"self":[{"href":"https:\/\/go-east-advisors.com\/de\/wp-json\/wp\/v2\/pages\/35","targetHints":{"allow":["GET"]}}],"collection":[{"href":"https:\/\/go-east-advisors.com\/de\/wp-json\/wp\/v2\/pages"}],"about":[{"href":"https:\/\/go-east-advisors.com\/de\/wp-json\/wp\/v2\/types\/page"}],"author":[{"embeddable":true,"href":"https:\/\/go-east-advisors.com\/de\/wp-json\/wp\/v2\/users\/1"}],"replies":[{"embeddable":true,"href":"https:\/\/go-east-advisors.com\/de\/wp-json\/wp\/v2\/comments?post=35"}],"version-history":[{"count":14,"href":"https:\/\/go-east-advisors.com\/de\/wp-json\/wp\/v2\/pages\/35\/revisions"}],"predecessor-version":[{"id":525,"href":"https:\/\/go-east-advisors.com\/de\/wp-json\/wp\/v2\/pages\/35\/revisions\/525"}],"wp:attachment":[{"href":"https:\/\/go-east-advisors.com\/de\/wp-json\/wp\/v2\/media?parent=35"}],"curies":[{"name":"wp","href":"https:\/\/api.w.org\/{rel}","templated":true}]}}