{"id":46,"date":"2025-07-18T03:42:12","date_gmt":"2025-07-18T03:42:12","guid":{"rendered":"https:\/\/go-east-advisors.com\/?page_id=46"},"modified":"2025-08-11T12:22:42","modified_gmt":"2025-08-11T12:22:42","slug":"management","status":"publish","type":"page","link":"https:\/\/go-east-advisors.com\/de\/management\/","title":{"rendered":"Management"},"content":{"rendered":"<div class=\"mntd\">\n\n\t<section class=\"section has-parallax\" id=\"section_796904878\">\n\t\t<div class=\"section-bg fill\" data-parallax-container=\".section\" data-parallax-background data-parallax=\"-3\">\n\t\t\t<img loading=\"lazy\" decoding=\"async\" width=\"1902\" height=\"640\" src=\"https:\/\/go-east-advisors.com\/de\/wp-content\/uploads\/2025\/07\/team-page2.jpg\" class=\"bg attachment-original size-original\" alt=\"\" \/>\t\t\t\t\t\t\n\t\t\t\n\t<div class=\"is-border\"\n\t\tstyle=\"border-color:rgb(235, 235, 235);border-width:1px 0px 0px 0px;\">\n\t<\/div>\n\n\t\t<\/div>\n\n\t\t\n\n\t\t<div class=\"section-content relative\">\n\t\t\t\n<div class=\"row\"  id=\"row-683491156\">\n\n\t<div id=\"col-2027057477\" class=\"col medium-6 small-12 large-6\"  >\n\t\t\t\t<div class=\"col-inner\"  >\n\t\t\t\n\t\t\t\n\t<div id=\"text-3227382201\" class=\"text\">\n\t\t\n<p>\u00a0<\/p>\n<h2>F\u00fchrungskompetenz<\/h2>\n<p>Von der Lieferkette bis zum Markteintritt bef\u00e4higt Go East Advisors Unternehmen der Chemie- und verwandten Branchen, komplexe Abl\u00e4ufe zu optimieren und in wettbewerbsintensiven M\u00e4rkten erfolgreich zu agieren.<\/p>\n\t\t\n<style>\n#text-3227382201 {\n  color: rgb(255,255,255);\n}\n#text-3227382201 > * {\n  color: rgb(255,255,255);\n}\n<\/style>\n\t<\/div>\n\t\n\t\t<\/div>\n\t\t\t\t\t<\/div>\n\n\t\n<\/div>\n\t\t<\/div>\n\n\t\t\n<style>\n#section_796904878 {\n  padding-top: 60px;\n  padding-bottom: 60px;\n  min-height: 300px;\n  background-color: rgb(245, 245, 245);\n}\n@media (min-width:550px) {\n  #section_796904878 {\n    min-height: 400px;\n  }\n}\n@media (min-width:850px) {\n  #section_796904878 {\n    min-height: 500px;\n  }\n}\n<\/style>\n\t<\/section>\n\t\n<\/p><\/div>\n<div class=\"pgpr\">\n<div class=\"row row-large sds3 lpoo\"  id=\"row-1960287230\">\n\n\t<div id=\"col-696066743\" class=\"col medium-4 small-12 large-4\"  data-animate=\"bounceInLeft\">\n\t\t\t\t<div class=\"col-inner\"  >\n\t\t\t\n\t\t\t\n    <div class=\"box has-hover has-hover box-text-bottom\" >\n\n                  <div class=\"box-image \" >\n           <div class=\"box-image-inner image-cover\" style=\"padding-top:100%;\">\n              <img loading=\"lazy\" decoding=\"async\" width=\"500\" height=\"400\" src=\"https:\/\/go-east-advisors.com\/de\/wp-content\/uploads\/2025\/07\/joerg-strassburger.jpg\" class=\"attachment- size-\" alt=\"\" srcset=\"https:\/\/go-east-advisors.com\/de\/wp-content\/uploads\/2025\/07\/joerg-strassburger.jpg 500w, https:\/\/go-east-advisors.com\/de\/wp-content\/uploads\/2025\/07\/joerg-strassburger-300x240.jpg 300w\" sizes=\"auto, (max-width: 500px) 100vw, 500px\" \/>                         <\/div>\n          <\/div>\n         \n          <div class=\"box-text text-center\" >\n                <div class=\"box-text-inner\">\n                  <h4 class=\"uppercase\">\n                    <span class=\"person-name\">Gr\u00fcnder und Gesch\u00e4ftsf\u00fchrer von Go East Advisors<\/span><br\/>\n                    <span class=\"person-title is-small thin-font op-7\">\n                                          <\/span>\n                  <\/h4>\n\t\t\t\t\t<div class=\"social-icons follow-icons\" ><a href=\"#\" data-label=\"X\" target=\"_blank\" class=\"icon button circle is-outline x tooltip\" title=\"Follow on X\" aria-label=\"Follow on X\" rel=\"noopener nofollow\" ><i class=\"icon-x\" ><\/i><\/a><a href=\"mailto:#\" data-label=\"E-mail\" target=\"_blank\" class=\"icon button circle is-outline email tooltip\" title=\"Send us an email\" aria-label=\"Send us an email\" rel=\"nofollow noopener\" ><i class=\"icon-envelop\" ><\/i><\/a><a href=\"tel:#\" data-label=\"Phone\" target=\"_blank\" class=\"icon button circle is-outline phone tooltip\" title=\"Call us\" aria-label=\"Call us\" rel=\"nofollow noopener\" ><i class=\"icon-phone\" ><\/i><\/a><a href=\"#\" data-label=\"LinkedIn\" target=\"_blank\" class=\"icon button circle is-outline linkedin tooltip\" title=\"Follow on LinkedIn\" aria-label=\"Follow on LinkedIn\" rel=\"noopener nofollow\" ><i class=\"icon-linkedin\" ><\/i><\/a><\/div>\n                <\/div>\n          <\/div>\n    <\/div>\n\n\t\n    \n\t\t<\/div>\n\t\t\t\t\n<style>\n#col-696066743 > .col-inner {\n  padding: 0px 0px 0px 0px;\n}\n<\/style>\n\t<\/div>\n\n\t\n\n\t<div id=\"col-1513803122\" class=\"col opp medium-8 small-12 large-8\"  data-animate=\"bounceInRight\">\n\t\t\t\t<div class=\"col-inner\"  >\n\t\t\t\n\t\t\t\n<h3>Dr. J\u00f6rg Strassburger<\/h3>\n<ul>\n<li>Mehr als 20 Jahre Erfahrung in der internationalen Chemieindustrie, einschlie\u00dflich Marketing und Vertrieb sowie der Entwicklung und Umsetzung von Strategien zur Markterschlie\u00dfung und zum Wachstum<\/li>\n<li>Leiter der strategischen Planung bei Bayer Polymers und Leiter der Unternehmensentwicklung bei Lanxess, verantwortlich f\u00fcr die Entwicklung von Strategien auf Unternehmens- und Gesch\u00e4ftseinheitsebene sowie deren Umsetzung<\/li>\n<li>Rund neun Jahre als Chief Operating Officer f\u00fcr Lanxess in Indien t\u00e4tig; in dieser Funktion verantwortlich f\u00fcr Investitionen im Wert von \u00fcber 200 Millionen Euro<\/li>\n<li>Unter seiner F\u00fchrung wurde Lanxess zu einem der am schnellsten wachsenden Chemieunternehmen in Indien<\/li>\n<li>Aufbau einer Beschaffungsabteilung zur Nutzung der Chancen des indischen Marktes<\/li>\n<\/ul>\n\t\t<\/div>\n\t\t\t\t\n<style>\n#col-1513803122 > .col-inner {\n  padding: 0px 0px 0px 0px;\n}\n<\/style>\n\t<\/div>\n\n\t\n\n\t<div id=\"col-900592155\" class=\"col small-12 large-12\"  >\n\t\t\t\t<div class=\"col-inner\"  >\n\t\t\t\n\t\t\t\n<h3>Seine langj\u00e4hrige strategische Erfahrung, kombiniert mit seiner operativen Erfahrung vor Ort in Indien, garantiert den Kunden, dass neben kurzfristigen Zielen auch langfristige Strategien nicht aus dem Blick geraten.<\/h3>\n\t\t<\/div>\n\t\t\t\t\t<\/div>\n\n\t\n<div class=\"sdee\">\n\n\t<div id=\"col-1530837123\" class=\"col small-12 large-12\"  data-animate=\"bounceInDown\">\n\t\t\t\t<div class=\"col-inner\"  >\n\t\t\t\n\t\t\t\n\n\t<section class=\"section\" id=\"section_110749069\">\n\t\t<div class=\"section-bg fill\" >\n\t\t\t<img loading=\"lazy\" decoding=\"async\" width=\"1902\" height=\"640\" src=\"https:\/\/go-east-advisors.com\/de\/wp-content\/uploads\/2025\/07\/GOEAST-BLOG-BANNER.jpg\" class=\"bg attachment-original size-original\" alt=\"\" \/>\t\t\t\t\t\t\n\t\t\t\n\n\t\t<\/div>\n\n\t\t\n\n\t\t<div class=\"section-content relative\">\n\t\t\t\n<div class=\"row\"  id=\"row-77511048\">\n\n\t<div id=\"col-2102388588\" class=\"col small-12 large-12\"  >\n\t\t\t\t<div class=\"col-inner\"  >\n\t\t\t\n\t\t\t\n<h4>Zu seinen Erfolgen in Indien z\u00e4hlen:<\/p>\n<\/h4>\n\t\t<\/div>\n\t\t\t\t\t<\/div>\n\n\t\n\n\t<div id=\"col-2079898637\" class=\"col medium-6 small-12 large-6\"  >\n\t\t\t\t<div class=\"col-inner\"  >\n\t\t\t\n\t\t\t\n<ul>\n<li>Aufbau neuer und Schlie\u00dfung alter sowie unrentabler Produktionsstandorte<\/li>\n<li>Aufbau einer Beschaffungsabteilung zur Nutzung der Chancen des indischen Beschaffungsmarktes f\u00fcr die weltweite Nachfrage<\/li>\n<li>Erfolgreiche Umsetzung und Integration von M&amp;A<\/li>\n<\/ul>\n\t\t<\/div>\n\t\t\t\t\t<\/div>\n\n\t\n\n\t<div id=\"col-874997561\" class=\"col medium-6 small-12 large-6\"  >\n\t\t\t\t<div class=\"col-inner\"  >\n\t\t\t\n\t\t\t\n<ul>\n<li>Reibungslose Portfolioanpassungen<\/li>\n<li>Aufbau eines IT-Entwicklungs- und Supportzentrums<\/li>\n<li>Aufbau einer weltweit gesch\u00e4tzten Beschaffungsabteilung<\/li>\n<li>Aktive Verbandsarbeit in mehreren Branchenverb\u00e4nden<\/li>\n<\/ul>\n\t\t<\/div>\n\t\t\t\t\t<\/div>\n\n\t\n<\/div>\n\t\t<\/div>\n\n\t\t\n<style>\n#section_110749069 {\n  padding-top: 30px;\n  padding-bottom: 30px;\n}\n<\/style>\n\t<\/section>\n\t\n\t\t<\/div>\n\t\t\t\t\t<\/div>\n\n\t\n<\/p><\/div>\n<\/div>\n<div class=\"row row-large sds3\"  id=\"row-1296747155\">\n\n\t<div id=\"col-332507563\" class=\"col medium-4 small-12 large-4\"  data-animate=\"bounceInLeft\">\n\t\t\t\t<div class=\"col-inner\"  >\n\t\t\t\n\t\t\t\n    <div class=\"box has-hover has-hover box-text-bottom\" >\n\n                  <div class=\"box-image \" >\n           <div class=\"box-image-inner image-cover\" style=\"padding-top:100%;\">\n              <img loading=\"lazy\" decoding=\"async\" width=\"500\" height=\"400\" src=\"https:\/\/go-east-advisors.com\/de\/wp-content\/uploads\/2025\/07\/Avinash-Parihar.jpg\" class=\"attachment- size-\" alt=\"\" srcset=\"https:\/\/go-east-advisors.com\/de\/wp-content\/uploads\/2025\/07\/Avinash-Parihar.jpg 500w, https:\/\/go-east-advisors.com\/de\/wp-content\/uploads\/2025\/07\/Avinash-Parihar-300x240.jpg 300w\" sizes=\"auto, (max-width: 500px) 100vw, 500px\" \/>                         <\/div>\n          <\/div>\n         \n          <div class=\"box-text text-center\" >\n                <div class=\"box-text-inner\">\n                  <h4 class=\"uppercase\">\n                    <span class=\"person-name\">Gr\u00fcnder und Gesch\u00e4ftsf\u00fchrer der Go East Advisors India Pvt. Ltd.<\/span><br\/>\n                    <span class=\"person-title is-small thin-font op-7\">\n                                          <\/span>\n                  <\/h4>\n\t\t\t\t\t<div class=\"social-icons follow-icons\" ><a href=\"#\" data-label=\"X\" target=\"_blank\" class=\"icon button circle is-outline x tooltip\" title=\"Follow on X\" aria-label=\"Follow on X\" rel=\"noopener nofollow\" ><i class=\"icon-x\" ><\/i><\/a><a href=\"mailto:#\" data-label=\"E-mail\" target=\"_blank\" class=\"icon button circle is-outline email tooltip\" title=\"Send us an email\" aria-label=\"Send us an email\" rel=\"nofollow noopener\" ><i class=\"icon-envelop\" ><\/i><\/a><a href=\"tel:#\" data-label=\"Phone\" target=\"_blank\" class=\"icon button circle is-outline phone tooltip\" title=\"Call us\" aria-label=\"Call us\" rel=\"nofollow noopener\" ><i class=\"icon-phone\" ><\/i><\/a><a href=\"#\" data-label=\"LinkedIn\" target=\"_blank\" class=\"icon button circle is-outline linkedin tooltip\" title=\"Follow on LinkedIn\" aria-label=\"Follow on LinkedIn\" rel=\"noopener nofollow\" ><i class=\"icon-linkedin\" ><\/i><\/a><\/div>\n                <\/div>\n          <\/div>\n    <\/div>\n\n\t\n    \n\t\t<\/div>\n\t\t\t\t\t<\/div>\n\n\t\n\n\t<div id=\"col-537941831\" class=\"col opp medium-8 small-12 large-8\"  data-animate=\"bounceInRight\">\n\t\t\t\t<div class=\"col-inner\"  >\n\t\t\t\n\t\t\t\n<h3>Mr. Avinash Parihar<br \/>\n<\/h3>\n<ul>\n<li>Mehr als 15 Jahre T\u00e4tigkeit in der Chemieindustrie<\/li>\n<li>Schwerpunkt auf Gesch\u00e4ftsentwicklung, strategischem Einkauf, Entwicklung externer Produktionspartner und strategischer Marktanalyse zur Vorbereitung von Wachstumsstrategien<\/li>\n<li>Er sammelte Erfahrung in verschiedenen europ\u00e4ischen Chemieunternehmen, wo er Einkaufs-, Supply-Chain- und Logistikkonzepte entwickelte und umsetzte. Zuletzt bereitete er den erfolgreichen Markteintritt eines europ\u00e4ischen Logistikunternehmens in Indien vor, begleitete diesen und betreute anschlie\u00dfend dessen erfolgreiche Gesch\u00e4ftsentwicklung und Wachstum im Land.<\/li>\n<li>Mitglied der Indian Business School und der All Indian Management Association<\/li>\n<li>Exzellentes Netzwerk in der indischen Chemie- und Petrochemiebranche<\/li>\n<\/ul>\n\t\t<\/div>\n\t\t\t\t\t<\/div>\n\n\t\n<div class=\"sdee\">\n\n\t<div id=\"col-1476124187\" class=\"col small-12 large-12\"  >\n\t\t\t\t<div class=\"col-inner\"  >\n\t\t\t\n\t\t\t\n<h3>Dank seiner multikulturellen Erfahrungen hat er ein tiefes Verst\u00e4ndnis f\u00fcr europ\u00e4ische Unternehmen sowie deren ethische und wirtschaftliche Anforderungen entwickelt und bringt dieses Wissen in die Zusammenarbeit mit indischen Unternehmen, Beh\u00f6rden und Mitarbeitern in der Region ein.<\/h3>\n\t\t<\/div>\n\t\t\t\t\t<\/div>\n\n\t\n<\/p><\/div>\n<\/div>\n<\/p><\/div>\n","protected":false},"excerpt":{"rendered":"","protected":false},"author":1,"featured_media":0,"parent":0,"menu_order":0,"comment_status":"closed","ping_status":"closed","template":"page-blank.php","meta":{"footnotes":""},"class_list":["post-46","page","type-page","status-publish","hentry"],"_links":{"self":[{"href":"https:\/\/go-east-advisors.com\/de\/wp-json\/wp\/v2\/pages\/46","targetHints":{"allow":["GET"]}}],"collection":[{"href":"https:\/\/go-east-advisors.com\/de\/wp-json\/wp\/v2\/pages"}],"about":[{"href":"https:\/\/go-east-advisors.com\/de\/wp-json\/wp\/v2\/types\/page"}],"author":[{"embeddable":true,"href":"https:\/\/go-east-advisors.com\/de\/wp-json\/wp\/v2\/users\/1"}],"replies":[{"embeddable":true,"href":"https:\/\/go-east-advisors.com\/de\/wp-json\/wp\/v2\/comments?post=46"}],"version-history":[{"count":32,"href":"https:\/\/go-east-advisors.com\/de\/wp-json\/wp\/v2\/pages\/46\/revisions"}],"predecessor-version":[{"id":528,"href":"https:\/\/go-east-advisors.com\/de\/wp-json\/wp\/v2\/pages\/46\/revisions\/528"}],"wp:attachment":[{"href":"https:\/\/go-east-advisors.com\/de\/wp-json\/wp\/v2\/media?parent=46"}],"curies":[{"name":"wp","href":"https:\/\/api.w.org\/{rel}","templated":true}]}}