{"id":547,"date":"2025-11-09T07:53:08","date_gmt":"2025-11-09T07:53:08","guid":{"rendered":"https:\/\/go-east-advisors.com\/de\/?page_id=547"},"modified":"2025-12-03T09:26:09","modified_gmt":"2025-12-03T09:26:09","slug":"lieferanten-hseq-gesetzliche-audits","status":"publish","type":"page","link":"https:\/\/go-east-advisors.com\/de\/lieferanten-hseq-gesetzliche-audits\/","title":{"rendered":"Lieferanten-HSEQ- &#038; Gesetzliche Audits"},"content":{"rendered":"<div class=\"mntd\">\n\n\t<section class=\"section has-parallax\" id=\"section_377757762\">\n\t\t<div class=\"section-bg fill\" data-parallax-container=\".section\" data-parallax-background data-parallax=\"-3\">\n\t\t\t<img loading=\"lazy\" decoding=\"async\" width=\"1902\" height=\"640\" src=\"https:\/\/go-east-advisors.com\/de\/wp-content\/uploads\/2025\/11\/safety-audits.jpg\" class=\"bg attachment-original size-original\" alt=\"\" \/>\t\t\t\t\t\t\n\t\t\t\n\t<div class=\"is-border\"\n\t\tstyle=\"border-color:rgb(235, 235, 235);border-width:1px 0px 0px 0px;\">\n\t<\/div>\n\n\t\t<\/div>\n\n\t\t\n\n\t\t<div class=\"section-content relative\">\n\t\t\t\n<div class=\"row\"  id=\"row-867568631\">\n\n\t<div id=\"col-1480360840\" class=\"col medium-6 small-12 large-6\"  >\n\t\t\t\t<div class=\"col-inner\"  >\n\t\t\t\n\t\t\t\n\t<div id=\"text-1788928594\" class=\"text\">\n\t\t\n<p>\u00a0<\/p>\n<h2> Lieferanten HSEQ &#038; Gesetzliche Audits<\/h2>\n<p>St\u00e4rken Sie Ihre Lieferantenintegrit\u00e4t mit Hilfe unserer Fachexperten . <\/p>\n\t\t\n<style>\n#text-1788928594 {\n  color: rgb(255,255,255);\n}\n#text-1788928594 > * {\n  color: rgb(255,255,255);\n}\n<\/style>\n\t<\/div>\n\t\n\t\t<\/div>\n\t\t\t\t\t<\/div>\n\n\t\n<\/div>\n\t\t<\/div>\n\n\t\t\n<style>\n#section_377757762 {\n  padding-top: 60px;\n  padding-bottom: 60px;\n  min-height: 300px;\n  background-color: rgb(245, 245, 245);\n}\n@media (min-width:550px) {\n  #section_377757762 {\n    min-height: 400px;\n  }\n}\n@media (min-width:850px) {\n  #section_377757762 {\n    min-height: 500px;\n  }\n}\n<\/style>\n\t<\/section>\n\t\n<\/p><\/div>\n<div class=\"pgpr\">\n<div class=\"row sds3\"  id=\"row-1893550153\">\n\n\t<div id=\"col-162853605\" class=\"col small-12 large-12\"  >\n\t\t\t\t<div class=\"col-inner\"  >\n\t\t\t\n\t\t\t\n<h3>Ihr Compliance-Partner f\u00fcr Lieferantenaudits in der Chemieindustrie in Indien<br \/>\n<\/h3>\n<p>Wir bieten umfassende Lieferantenaudits f\u00fcr Chemieunternehmen und Distributoren an, um die vollst\u00e4ndige Einhaltung aller geltenden gesetzlichen, beh\u00f6rdlichen und branchenspezifischen Standards sicherzustellen. Unsere Audits werden von lokalen Fachexperten mit fundierten Kenntnissen der Vorschriften der chemischen Industrie und bew\u00e4hrten Praktiken f\u00fchrender Betriebe durchgef\u00fchrt. Unsere Auditoren sind darin geschult, die F\u00e4higkeiten der Lieferanten zu bewerten und L\u00fccken in Bezug auf Sicherheit, Umwelt und rechtliche Anforderungen zu identifizieren. Eine Partnerschaft mit uns hilft Ihnen, Lieferanten sicher auszuw\u00e4hlen, Compliance-Risiken zu minimieren und Ihre Lieferkette zu st\u00e4rken.<\/p>\n\t\t<\/div>\n\t\t\t\t\t<\/div>\n\n\t\n\n\t<div id=\"col-922070184\" class=\"col small-12 large-12\"  >\n\t\t\t\t<div class=\"col-inner\"  >\n\t\t\t\n\t\t\t\n<div class=\"row row-dashed klp\"  id=\"row-1055310592\">\n\n\t<div id=\"col-1944421036\" class=\"col small-12 large-12\"  >\n\t\t\t\t<div class=\"col-inner\"  >\n\t\t\t\n\t\t\t\n<h2>Unsere Audit Kompetenzen<br \/>\n<\/h2>\n\t\t<\/div>\n\t\t\t\t\t<\/div>\n\n\t\n\n\t<div id=\"col-1851761409\" class=\"col medium-3 small-6 large-3\"  >\n\t\t\t\t<div class=\"col-inner\"  >\n\t\t\t\n\t\t\t\n\n\t\t<div class=\"icon-box featured-box icon-box-center text-center\"  >\n\t\t\t\t\t<div class=\"icon-box-img\" style=\"width: 68px\">\n\t\t\t\t<div class=\"icon\">\n\t\t\t\t\t<div class=\"icon-inner\" >\n\t\t\t\t\t\t<img loading=\"lazy\" decoding=\"async\" width=\"300\" height=\"300\" src=\"https:\/\/go-east-advisors.com\/de\/wp-content\/uploads\/2025\/11\/work-safety_18404053-300x300.png\" class=\"attachment-medium size-medium\" alt=\"\" srcset=\"https:\/\/go-east-advisors.com\/de\/wp-content\/uploads\/2025\/11\/work-safety_18404053-300x300.png 300w, https:\/\/go-east-advisors.com\/de\/wp-content\/uploads\/2025\/11\/work-safety_18404053-150x150.png 150w, https:\/\/go-east-advisors.com\/de\/wp-content\/uploads\/2025\/11\/work-safety_18404053.png 512w\" sizes=\"auto, (max-width: 300px) 100vw, 300px\" \/>\t\t\t\t\t<\/div>\n\t\t\t\t<\/div>\n\t\t\t<\/div>\n\t\t\t\t<div class=\"icon-box-text last-reset\">\n\t\t\t\t\t\t\t\t\t\n<h3>HSE Audits<br \/>\n<\/h3>\n\t\t<\/div>\n\t<\/div>\n\t\n\t\n\t\t<\/div>\n\t\t\t\t\t<\/div>\n\n\t\n\n\t<div id=\"col-1165558214\" class=\"col medium-3 small-6 large-3\"  >\n\t\t\t\t<div class=\"col-inner\"  >\n\t\t\t\n\t\t\t\n\n\t\t<div class=\"icon-box featured-box icon-box-center text-center\"  >\n\t\t\t\t\t<div class=\"icon-box-img\" style=\"width: 68px\">\n\t\t\t\t<div class=\"icon\">\n\t\t\t\t\t<div class=\"icon-inner\" >\n\t\t\t\t\t\t<img loading=\"lazy\" decoding=\"async\" width=\"300\" height=\"300\" src=\"https:\/\/go-east-advisors.com\/de\/wp-content\/uploads\/2025\/11\/save_1684337-300x300.png\" class=\"attachment-medium size-medium\" alt=\"\" srcset=\"https:\/\/go-east-advisors.com\/de\/wp-content\/uploads\/2025\/11\/save_1684337-300x300.png 300w, https:\/\/go-east-advisors.com\/de\/wp-content\/uploads\/2025\/11\/save_1684337-150x150.png 150w, https:\/\/go-east-advisors.com\/de\/wp-content\/uploads\/2025\/11\/save_1684337.png 512w\" sizes=\"auto, (max-width: 300px) 100vw, 300px\" \/>\t\t\t\t\t<\/div>\n\t\t\t\t<\/div>\n\t\t\t<\/div>\n\t\t\t\t<div class=\"icon-box-text last-reset\">\n\t\t\t\t\t\t\t\t\t\n<h3>Nachhaltigkeits Audits<br \/>\n<\/h3>\n\t\t<\/div>\n\t<\/div>\n\t\n\t\n\t\t<\/div>\n\t\t\t\t\t<\/div>\n\n\t\n\n\t<div id=\"col-1431727232\" class=\"col medium-3 small-6 large-3\"  >\n\t\t\t\t<div class=\"col-inner\"  >\n\t\t\t\n\t\t\t\n\n\t\t<div class=\"icon-box featured-box icon-box-center text-center\"  >\n\t\t\t\t\t<div class=\"icon-box-img\" style=\"width: 68px\">\n\t\t\t\t<div class=\"icon\">\n\t\t\t\t\t<div class=\"icon-inner\" >\n\t\t\t\t\t\t<img loading=\"lazy\" decoding=\"async\" width=\"300\" height=\"300\" src=\"https:\/\/go-east-advisors.com\/de\/wp-content\/uploads\/2025\/11\/reliability_16912250-300x300.png\" class=\"attachment-medium size-medium\" alt=\"\" srcset=\"https:\/\/go-east-advisors.com\/de\/wp-content\/uploads\/2025\/11\/reliability_16912250-300x300.png 300w, https:\/\/go-east-advisors.com\/de\/wp-content\/uploads\/2025\/11\/reliability_16912250-150x150.png 150w, https:\/\/go-east-advisors.com\/de\/wp-content\/uploads\/2025\/11\/reliability_16912250.png 512w\" sizes=\"auto, (max-width: 300px) 100vw, 300px\" \/>\t\t\t\t\t<\/div>\n\t\t\t\t<\/div>\n\t\t\t<\/div>\n\t\t\t\t<div class=\"icon-box-text last-reset\">\n\t\t\t\t\t\t\t\t\t\n<h3>Qualit\u00e4ts Audits<br \/>\n<\/h3>\n\t\t<\/div>\n\t<\/div>\n\t\n\t\n\t\t<\/div>\n\t\t\t\t\t<\/div>\n\n\t\n\n\t<div id=\"col-666659412\" class=\"col medium-3 small-6 large-3\"  >\n\t\t\t\t<div class=\"col-inner\"  >\n\t\t\t\n\t\t\t\n\n\t\t<div class=\"icon-box featured-box icon-box-center text-center\"  >\n\t\t\t\t\t<div class=\"icon-box-img\" style=\"width: 68px\">\n\t\t\t\t<div class=\"icon\">\n\t\t\t\t\t<div class=\"icon-inner\" >\n\t\t\t\t\t\t<img loading=\"lazy\" decoding=\"async\" width=\"300\" height=\"300\" src=\"https:\/\/go-east-advisors.com\/de\/wp-content\/uploads\/2025\/11\/compliance_12283759-300x300.png\" class=\"attachment-medium size-medium\" alt=\"\" srcset=\"https:\/\/go-east-advisors.com\/de\/wp-content\/uploads\/2025\/11\/compliance_12283759-300x300.png 300w, https:\/\/go-east-advisors.com\/de\/wp-content\/uploads\/2025\/11\/compliance_12283759-150x150.png 150w, https:\/\/go-east-advisors.com\/de\/wp-content\/uploads\/2025\/11\/compliance_12283759.png 512w\" sizes=\"auto, (max-width: 300px) 100vw, 300px\" \/>\t\t\t\t\t<\/div>\n\t\t\t\t<\/div>\n\t\t\t<\/div>\n\t\t\t\t<div class=\"icon-box-text last-reset\">\n\t\t\t\t\t\t\t\t\t\n<h3>Regulatorische &#038; Compliance Audits<br \/>\n<\/h3>\n\t\t<\/div>\n\t<\/div>\n\t\n\t\n\t\t<\/div>\n\t\t\t\t\t<\/div>\n\n\t\n<\/div>\n\t\t<\/div>\n\t\t\t\t\t<\/div>\n\n\t\n<\/div>\n<\/p><\/div>\n","protected":false},"excerpt":{"rendered":"","protected":false},"author":1,"featured_media":0,"parent":0,"menu_order":0,"comment_status":"closed","ping_status":"closed","template":"page-blank.php","meta":{"footnotes":""},"class_list":["post-547","page","type-page","status-publish","hentry"],"_links":{"self":[{"href":"https:\/\/go-east-advisors.com\/de\/wp-json\/wp\/v2\/pages\/547","targetHints":{"allow":["GET"]}}],"collection":[{"href":"https:\/\/go-east-advisors.com\/de\/wp-json\/wp\/v2\/pages"}],"about":[{"href":"https:\/\/go-east-advisors.com\/de\/wp-json\/wp\/v2\/types\/page"}],"author":[{"embeddable":true,"href":"https:\/\/go-east-advisors.com\/de\/wp-json\/wp\/v2\/users\/1"}],"replies":[{"embeddable":true,"href":"https:\/\/go-east-advisors.com\/de\/wp-json\/wp\/v2\/comments?post=547"}],"version-history":[{"count":11,"href":"https:\/\/go-east-advisors.com\/de\/wp-json\/wp\/v2\/pages\/547\/revisions"}],"predecessor-version":[{"id":573,"href":"https:\/\/go-east-advisors.com\/de\/wp-json\/wp\/v2\/pages\/547\/revisions\/573"}],"wp:attachment":[{"href":"https:\/\/go-east-advisors.com\/de\/wp-json\/wp\/v2\/media?parent=547"}],"curies":[{"name":"wp","href":"https:\/\/api.w.org\/{rel}","templated":true}]}}