{"id":68,"date":"2025-07-18T06:43:21","date_gmt":"2025-07-18T06:43:21","guid":{"rendered":"https:\/\/go-east-advisors.com\/?page_id=68"},"modified":"2025-08-11T12:18:20","modified_gmt":"2025-08-11T12:18:20","slug":"einkauf-lohnfertigung-logistik-beratung-partnerschaften","status":"publish","type":"page","link":"https:\/\/go-east-advisors.com\/de\/einkauf-lohnfertigung-logistik-beratung-partnerschaften\/","title":{"rendered":"Einkauf, Lohnfertigung, Logistik-Beratung, Partnerschaften"},"content":{"rendered":"<div class=\"mntd\">\n\n\t<section class=\"section has-parallax\" id=\"section_1454720172\">\n\t\t<div class=\"section-bg fill\" data-parallax-container=\".section\" data-parallax-background data-parallax=\"-3\">\n\t\t\t<img loading=\"lazy\" decoding=\"async\" width=\"1902\" height=\"640\" src=\"https:\/\/go-east-advisors.com\/de\/wp-content\/uploads\/2025\/07\/logistics-page2.jpg\" class=\"bg attachment-original size-original\" alt=\"\" \/>\t\t\t\t\t\t\n\t\t\t\n\t<div class=\"is-border\"\n\t\tstyle=\"border-color:rgb(235, 235, 235);border-width:1px 0px 0px 0px;\">\n\t<\/div>\n\n\t\t<\/div>\n\n\t\t\n\n\t\t<div class=\"section-content relative\">\n\t\t\t\n<div class=\"row\"  id=\"row-1155355230\">\n\n\t<div id=\"col-1149485397\" class=\"col medium-6 small-12 large-6\"  >\n\t\t\t\t<div class=\"col-inner\"  >\n\t\t\t\n\t\t\t\n\t<div id=\"text-718532414\" class=\"text\">\n\t\t\n<h2>Einkauf, Lohnfertigung, Logistik-Beratung, Partnerschaften<\/h2>\n<p>Intelligenter einkaufen. St\u00e4rkere Lieferketten. Ausgelegt auf Geschwindigkeit, Einsparungen und strategische Vorteile.<\/p>\n\t\t\n<style>\n#text-718532414 {\n  color: rgb(255,255,255);\n}\n#text-718532414 > * {\n  color: rgb(255,255,255);\n}\n<\/style>\n\t<\/div>\n\t\n\t\t<\/div>\n\t\t\t\t\t<\/div>\n\n\t\n<\/div>\n\t\t<\/div>\n\n\t\t\n<style>\n#section_1454720172 {\n  padding-top: 60px;\n  padding-bottom: 60px;\n  min-height: 300px;\n  background-color: rgb(245, 245, 245);\n}\n@media (min-width:550px) {\n  #section_1454720172 {\n    min-height: 400px;\n  }\n}\n@media (min-width:850px) {\n  #section_1454720172 {\n    min-height: 500px;\n  }\n}\n<\/style>\n\t<\/section>\n\t\n<\/p><\/div>\n<div class=\"pgpr\">\n<div class=\"row sds3\"  id=\"row-92222186\">\n\n\t<div id=\"col-1584278712\" class=\"col small-12 large-12\"  >\n\t\t\t\t<div class=\"col-inner\"  >\n\t\t\t\n\t\t\t\n<h3>Smart Sourcing &#038; Supply-Chain-Optimierung \u2013 Maximierung der Effizienz durch lokales Know-how und globale Abstimmung.<br \/>\n<\/h3>\n<p>Go East Advisors bietet umfassende Beratung in den Bereichen Beschaffung, Lohnfertigung und Logistik, um Chemieunternehmen dabei zu unterst\u00fctzen, Kosten zu optimieren, die Widerstandsf\u00e4higkeit ihrer Lieferketten zu verbessern und ihre regionale Pr\u00e4senz zu st\u00e4rken. Wir bieten Marktbeobachtung, Preis-Trendanalysen und ma\u00dfgeschneiderte Einkaufsunterst\u00fctzung \u2013 von der Identifizierung lokaler Lieferanten bis zur Vorbereitung von Joint Ventures in der Produktion. F\u00fcr europ\u00e4ische und internationale Unternehmen richten wir schlanke lokale Einkaufsstrukturen ein, sichern Lohnfertigungsvereinbarungen und \u00fcbernehmen die Durchf\u00fchrung von Partner- oder Lieferantenaudits. Unsere Logistikberatung deckt alles ab \u2013 vom Netzwerkdesign bis zur Sicherheits- und Gefahrenanalyse. Mit tiefgehender Branchenexpertise sorgen wir daf\u00fcr, dass Beschaffung und Betrieb nicht nur effizient, sondern auch strategisch ausgerichtet sind.<\/p>\n\t\t<\/div>\n\t\t\t\t\t<\/div>\n\n\t\n\n\t<div id=\"col-1389507023\" class=\"col small-12 large-12\"  >\n\t\t\t\t<div class=\"col-inner\"  >\n\t\t\t\n\t\t\t\n<div class=\"row row-dashed klp\"  id=\"row-443523515\">\n\n\t<div id=\"col-691246076\" class=\"col small-12 large-12\"  >\n\t\t\t\t<div class=\"col-inner\"  >\n\t\t\t\n\t\t\t\n<h2>Einkauf, Lohnfertigung, Logistikberatung, Partnerschaften<br \/>\n<\/h2>\n\t\t<\/div>\n\t\t\t\t\t<\/div>\n\n\t\n\n\t<div id=\"col-23384338\" class=\"col medium-3 small-6 large-3\"  >\n\t\t\t\t<div class=\"col-inner\"  >\n\t\t\t\n\t\t\t\n\n\t\t<div class=\"icon-box featured-box icon-box-center text-center\"  >\n\t\t\t\t\t<div class=\"icon-box-img\" style=\"width: 68px\">\n\t\t\t\t<div class=\"icon\">\n\t\t\t\t\t<div class=\"icon-inner\" >\n\t\t\t\t\t\t<img loading=\"lazy\" decoding=\"async\" width=\"300\" height=\"300\" src=\"https:\/\/go-east-advisors.com\/de\/wp-content\/uploads\/2025\/07\/Continuousmonitoring-300x300.png\" class=\"attachment-medium size-medium\" alt=\"\" srcset=\"https:\/\/go-east-advisors.com\/de\/wp-content\/uploads\/2025\/07\/Continuousmonitoring-300x300.png 300w, https:\/\/go-east-advisors.com\/de\/wp-content\/uploads\/2025\/07\/Continuousmonitoring-150x150.png 150w, https:\/\/go-east-advisors.com\/de\/wp-content\/uploads\/2025\/07\/Continuousmonitoring.png 512w\" sizes=\"auto, (max-width: 300px) 100vw, 300px\" \/>\t\t\t\t\t<\/div>\n\t\t\t\t<\/div>\n\t\t\t<\/div>\n\t\t\t\t<div class=\"icon-box-text last-reset\">\n\t\t\t\t\t\t\t\t\t\n<h3>Einkaufsmarktanalysen<\/p>\n<\/h3>\n\t\t<\/div>\n\t<\/div>\n\t\n\t\n\t\t<\/div>\n\t\t\t\t\t<\/div>\n\n\t\n\n\t<div id=\"col-136222242\" class=\"col medium-3 small-6 large-3\"  >\n\t\t\t\t<div class=\"col-inner\"  >\n\t\t\t\n\t\t\t\n\n\t\t<div class=\"icon-box featured-box icon-box-center text-center\"  >\n\t\t\t\t\t<div class=\"icon-box-img\" style=\"width: 68px\">\n\t\t\t\t<div class=\"icon\">\n\t\t\t\t\t<div class=\"icon-inner\" >\n\t\t\t\t\t\t<img loading=\"lazy\" decoding=\"async\" width=\"300\" height=\"300\" src=\"https:\/\/go-east-advisors.com\/de\/wp-content\/uploads\/2025\/07\/Purchasingmarketanalyses-300x300.png\" class=\"attachment-medium size-medium\" alt=\"\" srcset=\"https:\/\/go-east-advisors.com\/de\/wp-content\/uploads\/2025\/07\/Purchasingmarketanalyses-300x300.png 300w, https:\/\/go-east-advisors.com\/de\/wp-content\/uploads\/2025\/07\/Purchasingmarketanalyses-150x150.png 150w, https:\/\/go-east-advisors.com\/de\/wp-content\/uploads\/2025\/07\/Purchasingmarketanalyses.png 512w\" sizes=\"auto, (max-width: 300px) 100vw, 300px\" \/>\t\t\t\t\t<\/div>\n\t\t\t\t<\/div>\n\t\t\t<\/div>\n\t\t\t\t<div class=\"icon-box-text last-reset\">\n\t\t\t\t\t\t\t\t\t\n<h3>Kontinuierliches Monitoring der Preisentwicklungen und der Marktaktivit\u00e4ten<\/p>\n<\/h3>\n\t\t<\/div>\n\t<\/div>\n\t\n\t\n\t\t<\/div>\n\t\t\t\t\t<\/div>\n\n\t\n\n\t<div id=\"col-749803259\" class=\"col medium-3 small-6 large-3\"  >\n\t\t\t\t<div class=\"col-inner\"  >\n\t\t\t\n\t\t\t\n\n\t\t<div class=\"icon-box featured-box icon-box-center text-center\"  >\n\t\t\t\t\t<div class=\"icon-box-img\" style=\"width: 68px\">\n\t\t\t\t<div class=\"icon\">\n\t\t\t\t\t<div class=\"icon-inner\" >\n\t\t\t\t\t\t<img loading=\"lazy\" decoding=\"async\" width=\"300\" height=\"300\" src=\"https:\/\/go-east-advisors.com\/de\/wp-content\/uploads\/2025\/07\/Europeancompanies-300x300.png\" class=\"attachment-medium size-medium\" alt=\"\" srcset=\"https:\/\/go-east-advisors.com\/de\/wp-content\/uploads\/2025\/07\/Europeancompanies-300x300.png 300w, https:\/\/go-east-advisors.com\/de\/wp-content\/uploads\/2025\/07\/Europeancompanies-150x150.png 150w, https:\/\/go-east-advisors.com\/de\/wp-content\/uploads\/2025\/07\/Europeancompanies.png 512w\" sizes=\"auto, (max-width: 300px) 100vw, 300px\" \/>\t\t\t\t\t<\/div>\n\t\t\t\t<\/div>\n\t\t\t<\/div>\n\t\t\t\t<div class=\"icon-box-text last-reset\">\n\t\t\t\t\t\t\t\t\t\n<h3>\u00dcbernahme der Einkaufsrepr\u00e4sentanz f\u00fcr europ\u00e4ische Unternehmen<\/p>\n<\/h3>\n\t\t<\/div>\n\t<\/div>\n\t\n\t\n\t\t<\/div>\n\t\t\t\t\t<\/div>\n\n\t\n\n\t<div id=\"col-8859214\" class=\"col medium-3 small-6 large-3\"  >\n\t\t\t\t<div class=\"col-inner\"  >\n\t\t\t\n\t\t\t\n\n\t\t<div class=\"icon-box featured-box icon-box-center text-center\"  >\n\t\t\t\t\t<div class=\"icon-box-img\" style=\"width: 68px\">\n\t\t\t\t<div class=\"icon\">\n\t\t\t\t\t<div class=\"icon-inner\" >\n\t\t\t\t\t\t<img loading=\"lazy\" decoding=\"async\" width=\"300\" height=\"300\" src=\"https:\/\/go-east-advisors.com\/de\/wp-content\/uploads\/2025\/07\/contractmanufacturingagreements-300x300.png\" class=\"attachment-medium size-medium\" alt=\"\" srcset=\"https:\/\/go-east-advisors.com\/de\/wp-content\/uploads\/2025\/07\/contractmanufacturingagreements-300x300.png 300w, https:\/\/go-east-advisors.com\/de\/wp-content\/uploads\/2025\/07\/contractmanufacturingagreements-150x150.png 150w, https:\/\/go-east-advisors.com\/de\/wp-content\/uploads\/2025\/07\/contractmanufacturingagreements.png 512w\" sizes=\"auto, (max-width: 300px) 100vw, 300px\" \/>\t\t\t\t\t<\/div>\n\t\t\t\t<\/div>\n\t\t\t<\/div>\n\t\t\t\t<div class=\"icon-box-text last-reset\">\n\t\t\t\t\t\t\t\t\t\n<h3>Etablierung von Lohnfertigungsvereinbarungen<\/p>\n<\/h3>\n\t\t<\/div>\n\t<\/div>\n\t\n\t\n\t\t<\/div>\n\t\t\t\t\t<\/div>\n\n\t\n\n\t<div id=\"col-809524836\" class=\"col medium-3 small-6 large-3\"  >\n\t\t\t\t<div class=\"col-inner\"  >\n\t\t\t\n\t\t\t\n\n\t\t<div class=\"icon-box featured-box icon-box-center text-center\"  >\n\t\t\t\t\t<div class=\"icon-box-img\" style=\"width: 68px\">\n\t\t\t\t<div class=\"icon\">\n\t\t\t\t\t<div class=\"icon-inner\" >\n\t\t\t\t\t\t<img loading=\"lazy\" decoding=\"async\" width=\"300\" height=\"300\" src=\"https:\/\/go-east-advisors.com\/de\/wp-content\/uploads\/2025\/07\/lastingpurchasing-300x300.png\" class=\"attachment-medium size-medium\" alt=\"\" srcset=\"https:\/\/go-east-advisors.com\/de\/wp-content\/uploads\/2025\/07\/lastingpurchasing-300x300.png 300w, https:\/\/go-east-advisors.com\/de\/wp-content\/uploads\/2025\/07\/lastingpurchasing-150x150.png 150w, https:\/\/go-east-advisors.com\/de\/wp-content\/uploads\/2025\/07\/lastingpurchasing.png 512w\" sizes=\"auto, (max-width: 300px) 100vw, 300px\" \/>\t\t\t\t\t<\/div>\n\t\t\t\t<\/div>\n\t\t\t<\/div>\n\t\t\t\t<div class=\"icon-box-text last-reset\">\n\t\t\t\t\t\t\t\t\t\n<h3>Etablierung einer externen, lokalen und preisg\u00fcnstigen Einkaufsorganisation zur Sicherstellung einer kontinuierlichen Marktbeobachtung und dauerhafter Einkaufsvorteile<\/p>\n<\/h3>\n\t\t<\/div>\n\t<\/div>\n\t\n\t\n\t\t<\/div>\n\t\t\t\t\t<\/div>\n\n\t\n\n\t<div id=\"col-1274158621\" class=\"col medium-3 small-6 large-3\"  >\n\t\t\t\t<div class=\"col-inner\"  >\n\t\t\t\n\t\t\t\n\n\t\t<div class=\"icon-box featured-box icon-box-center text-center\"  >\n\t\t\t\t\t<div class=\"icon-box-img\" style=\"width: 68px\">\n\t\t\t\t<div class=\"icon\">\n\t\t\t\t\t<div class=\"icon-inner\" >\n\t\t\t\t\t\t<img loading=\"lazy\" decoding=\"async\" width=\"300\" height=\"300\" src=\"https:\/\/go-east-advisors.com\/de\/wp-content\/uploads\/2025\/07\/JVproduction-300x300.png\" class=\"attachment-medium size-medium\" alt=\"\" srcset=\"https:\/\/go-east-advisors.com\/de\/wp-content\/uploads\/2025\/07\/JVproduction-300x300.png 300w, https:\/\/go-east-advisors.com\/de\/wp-content\/uploads\/2025\/07\/JVproduction-150x150.png 150w, https:\/\/go-east-advisors.com\/de\/wp-content\/uploads\/2025\/07\/JVproduction.png 512w\" sizes=\"auto, (max-width: 300px) 100vw, 300px\" \/>\t\t\t\t\t<\/div>\n\t\t\t\t<\/div>\n\t\t\t<\/div>\n\t\t\t\t<div class=\"icon-box-text last-reset\">\n\t\t\t\t\t\t\t\t\t\n<h3>Hilfe bei der Etablierung von Produktions-JVs oder eigener Produktion<\/p>\n<\/h3>\n\t\t<\/div>\n\t<\/div>\n\t\n\t\n\t\t<\/div>\n\t\t\t\t\t<\/div>\n\n\t\n\n\t<div id=\"col-1169705469\" class=\"col medium-3 small-6 large-3\"  >\n\t\t\t\t<div class=\"col-inner\"  >\n\t\t\t\n\t\t\t\n\n\t\t<div class=\"icon-box featured-box icon-box-center text-center\"  >\n\t\t\t\t\t<div class=\"icon-box-img\" style=\"width: 68px\">\n\t\t\t\t<div class=\"icon\">\n\t\t\t\t\t<div class=\"icon-inner\" >\n\t\t\t\t\t\t<img loading=\"lazy\" decoding=\"async\" width=\"300\" height=\"300\" src=\"https:\/\/go-east-advisors.com\/de\/wp-content\/uploads\/2025\/07\/audit-300x300.png\" class=\"attachment-medium size-medium\" alt=\"\" srcset=\"https:\/\/go-east-advisors.com\/de\/wp-content\/uploads\/2025\/07\/audit-300x300.png 300w, https:\/\/go-east-advisors.com\/de\/wp-content\/uploads\/2025\/07\/audit-150x150.png 150w, https:\/\/go-east-advisors.com\/de\/wp-content\/uploads\/2025\/07\/audit.png 512w\" sizes=\"auto, (max-width: 300px) 100vw, 300px\" \/>\t\t\t\t\t<\/div>\n\t\t\t\t<\/div>\n\t\t\t<\/div>\n\t\t\t\t<div class=\"icon-box-text last-reset\">\n\t\t\t\t\t\t\t\t\t\n<h3>Lieferanten und Partneraudits nach eigenen oder Lieferantenvorgaben<\/p>\n<\/h3>\n\t\t<\/div>\n\t<\/div>\n\t\n\t\n\t\t<\/div>\n\t\t\t\t\t<\/div>\n\n\t\n<\/div>\n\t\t<\/div>\n\t\t\t\t\t<\/div>\n\n\t\n\n\t<div id=\"col-968414998\" class=\"col poo small-12 large-12\"  >\n\t\t\t\t<div class=\"col-inner\"  >\n\t\t\t\n\t\t\t\n\n\t<section class=\"section\" id=\"section_1259106693\">\n\t\t<div class=\"section-bg fill\" >\n\t\t\t<img loading=\"lazy\" decoding=\"async\" width=\"1920\" height=\"640\" src=\"https:\/\/go-east-advisors.com\/de\/wp-content\/uploads\/2025\/07\/foeastsub-banner.jpg\" class=\"bg attachment-original size-original\" alt=\"\" \/>\t\t\t\t\t\t\n\t\t\t\n\n\t\t<\/div>\n\n\t\t\n\n\t\t<div class=\"section-content relative\">\n\t\t\t\n<div class=\"slider-wrapper relative\" id=\"slider-604480814\" >\n    <div class=\"slider slider-nav-circle slider-nav-large slider-nav-light slider-style-normal\"\n        data-flickity-options='{\n            \"cellAlign\": \"center\",\n            \"imagesLoaded\": true,\n            \"lazyLoad\": 1,\n            \"freeScroll\": false,\n            \"wrapAround\": true,\n            \"autoPlay\": 6000,\n            \"pauseAutoPlayOnHover\" : false,\n            \"prevNextButtons\": false,\n            \"contain\" : true,\n            \"adaptiveHeight\" : true,\n            \"dragThreshold\" : 10,\n            \"percentPosition\": true,\n            \"pageDots\": true,\n            \"rightToLeft\": false,\n            \"draggable\": true,\n            \"selectedAttraction\": 0.1,\n            \"parallax\" : 0,\n            \"friction\": 0.6        }'\n        >\n        \n<div class=\"row\"  id=\"row-606366827\">\n\n\t<div id=\"col-1105840373\" class=\"col medium-5 small-12 large-5\"  >\n\t\t\t\t<div class=\"col-inner\"  >\n\t\t\t\n\t\t\t\n\t<div class=\"img has-hover x md-x lg-x y md-y lg-y\" id=\"image_68244194\">\n\t\t\t\t\t\t\t\t<div class=\"img-inner dark\" >\n\t\t\t<img loading=\"lazy\" decoding=\"async\" width=\"900\" height=\"504\" src=\"https:\/\/go-east-advisors.com\/de\/wp-content\/uploads\/2025\/07\/go0.jpg\" class=\"attachment-original size-original\" alt=\"\" srcset=\"https:\/\/go-east-advisors.com\/de\/wp-content\/uploads\/2025\/07\/go0.jpg 900w, https:\/\/go-east-advisors.com\/de\/wp-content\/uploads\/2025\/07\/go0-300x168.jpg 300w, https:\/\/go-east-advisors.com\/de\/wp-content\/uploads\/2025\/07\/go0-768x430.jpg 768w\" sizes=\"auto, (max-width: 900px) 100vw, 900px\" \/>\t\t\t\t\t\t\n\t\t\t\t\t<\/div>\n\t\t\t\t\t\t\t\t\n<style>\n#image_68244194 {\n  width: 100%;\n}\n<\/style>\n\t<\/div>\n\t\n\t\t<\/div>\n\t\t\t\t\t<\/div>\n\n\t\n\n\t<div id=\"col-620191935\" class=\"col medium-7 small-12 large-7\"  >\n\t\t\t\t<div class=\"col-inner\"  >\n\t\t\t\n\t\t\t\n<div class=\"ers\">\n<h3>Produktbasierte, punktuelle oder kontinuierliche Unterst\u00fctzung zum Einkauf von preiswerteren, lokalen Produkten<\/p>\n<\/h3>\n<ul>\n<li>Zur Unterst\u00fctzung von HQ und anderen Legal Entities\n<\/li>\n<li>Zur Portfolioerg\u00e4nzung f\u00fcr die lokale Vermarktung\n<\/li>\n<li>Zur Vorbereitung lokaler Produktion\n<\/li>\n<\/ul>\n<\/div>\n\t\t<\/div>\n\t\t\t\t\t<\/div>\n\n\t\n<\/div>\n<div class=\"row\"  id=\"row-281273962\">\n\n\t<div id=\"col-1208741592\" class=\"col medium-5 small-12 large-5\"  >\n\t\t\t\t<div class=\"col-inner\"  >\n\t\t\t\n\t\t\t\n\t<div class=\"img has-hover x md-x lg-x y md-y lg-y\" id=\"image_1912315928\">\n\t\t\t\t\t\t\t\t<div class=\"img-inner dark\" >\n\t\t\t<img loading=\"lazy\" decoding=\"async\" width=\"900\" height=\"504\" src=\"https:\/\/go-east-advisors.com\/de\/wp-content\/uploads\/2025\/07\/go1.jpg\" class=\"attachment-original size-original\" alt=\"\" srcset=\"https:\/\/go-east-advisors.com\/de\/wp-content\/uploads\/2025\/07\/go1.jpg 900w, https:\/\/go-east-advisors.com\/de\/wp-content\/uploads\/2025\/07\/go1-300x168.jpg 300w, https:\/\/go-east-advisors.com\/de\/wp-content\/uploads\/2025\/07\/go1-768x430.jpg 768w\" sizes=\"auto, (max-width: 900px) 100vw, 900px\" \/>\t\t\t\t\t\t\n\t\t\t\t\t<\/div>\n\t\t\t\t\t\t\t\t\n<style>\n#image_1912315928 {\n  width: 100%;\n}\n<\/style>\n\t<\/div>\n\t\n\t\t<\/div>\n\t\t\t\t\t<\/div>\n\n\t\n\n\t<div id=\"col-792621104\" class=\"col medium-7 small-12 large-7\"  >\n\t\t\t\t<div class=\"col-inner\"  >\n\t\t\t\n\t\t\t\n<div class=\"ers\">\n<h3>Chemie Logistik Consulting<br \/>\n<\/h3>\n<ul>\n<li>Logistik Analyse und Strategieentwicklung\n<\/li>\n<li>Supply Chain Konzepte und Netzwerkdesign\n<\/li>\n<li>Sicherheits- und Gef\u00e4hrdungsanalyse\n<\/li>\n<\/ul>\n<\/div>\n\t\t<\/div>\n\t\t\t\t\t<\/div>\n\n\t\n<\/div>\n     <\/div>\n\n     <div class=\"loading-spin dark large centered\"><\/div>\n\n\t<\/div>\n\n\n\t\t<\/div>\n\n\t\t\n<style>\n#section_1259106693 {\n  padding-top: 30px;\n  padding-bottom: 30px;\n}\n<\/style>\n\t<\/section>\n\t\n\t\t<\/div>\n\t\t\t\t\t<\/div>\n\n\t\n<\/div>\n<\/p><\/div>\n","protected":false},"excerpt":{"rendered":"","protected":false},"author":1,"featured_media":0,"parent":0,"menu_order":0,"comment_status":"closed","ping_status":"closed","template":"page-blank.php","meta":{"footnotes":""},"class_list":["post-68","page","type-page","status-publish","hentry"],"_links":{"self":[{"href":"https:\/\/go-east-advisors.com\/de\/wp-json\/wp\/v2\/pages\/68","targetHints":{"allow":["GET"]}}],"collection":[{"href":"https:\/\/go-east-advisors.com\/de\/wp-json\/wp\/v2\/pages"}],"about":[{"href":"https:\/\/go-east-advisors.com\/de\/wp-json\/wp\/v2\/types\/page"}],"author":[{"embeddable":true,"href":"https:\/\/go-east-advisors.com\/de\/wp-json\/wp\/v2\/users\/1"}],"replies":[{"embeddable":true,"href":"https:\/\/go-east-advisors.com\/de\/wp-json\/wp\/v2\/comments?post=68"}],"version-history":[{"count":33,"href":"https:\/\/go-east-advisors.com\/de\/wp-json\/wp\/v2\/pages\/68\/revisions"}],"predecessor-version":[{"id":524,"href":"https:\/\/go-east-advisors.com\/de\/wp-json\/wp\/v2\/pages\/68\/revisions\/524"}],"wp:attachment":[{"href":"https:\/\/go-east-advisors.com\/de\/wp-json\/wp\/v2\/media?parent=68"}],"curies":[{"name":"wp","href":"https:\/\/api.w.org\/{rel}","templated":true}]}}