{"id":70,"date":"2025-07-18T06:43:39","date_gmt":"2025-07-18T06:43:39","guid":{"rendered":"https:\/\/go-east-advisors.com\/?page_id=70"},"modified":"2025-08-11T12:26:24","modified_gmt":"2025-08-11T12:26:24","slug":"marketing-logistik-plattform-chemie","status":"publish","type":"page","link":"https:\/\/go-east-advisors.com\/de\/marketing-logistik-plattform-chemie\/","title":{"rendered":"Marketing &#038; Logistik Plattform Chemie"},"content":{"rendered":"<div class=\"mntd\">\n\n\t<section class=\"section has-parallax\" id=\"section_1007542991\">\n\t\t<div class=\"section-bg fill\" data-parallax-container=\".section\" data-parallax-background data-parallax=\"-3\">\n\t\t\t<img loading=\"lazy\" decoding=\"async\" width=\"1902\" height=\"640\" src=\"https:\/\/go-east-advisors.com\/de\/wp-content\/uploads\/2025\/07\/chemical-page2.jpg\" class=\"bg attachment-original size-original\" alt=\"\" \/>\t\t\t\t\t\t\n\t\t\t\n\t<div class=\"is-border\"\n\t\tstyle=\"border-color:rgb(235, 235, 235);border-width:1px 0px 0px 0px;\">\n\t<\/div>\n\n\t\t<\/div>\n\n\t\t\n\n\t\t<div class=\"section-content relative\">\n\t\t\t\n<div class=\"row\"  id=\"row-1023590281\">\n\n\t<div id=\"col-1170425634\" class=\"col medium-6 small-12 large-6\"  >\n\t\t\t\t<div class=\"col-inner\"  >\n\t\t\t\n\t\t\t\n\t<div id=\"text-1346844870\" class=\"text\">\n\t\t\n<p>\u00a0<\/p>\n<h2>Marketing &#038; Logistik Plattform Chemie<br \/>\n<\/h2>\n<p>Wir stellen die Menschen, die Plattform und die Pr\u00e4zision bereit, um es zum Erfolg zu f\u00fchren.<\/p>\n\t\t\n<style>\n#text-1346844870 {\n  color: rgb(255,255,255);\n}\n#text-1346844870 > * {\n  color: rgb(255,255,255);\n}\n<\/style>\n\t<\/div>\n\t\n\t\t<\/div>\n\t\t\t\t\t<\/div>\n\n\t\n<\/div>\n\t\t<\/div>\n\n\t\t\n<style>\n#section_1007542991 {\n  padding-top: 60px;\n  padding-bottom: 60px;\n  min-height: 300px;\n  background-color: rgb(245, 245, 245);\n}\n@media (min-width:550px) {\n  #section_1007542991 {\n    min-height: 400px;\n  }\n}\n@media (min-width:850px) {\n  #section_1007542991 {\n    min-height: 500px;\n  }\n}\n<\/style>\n\t<\/section>\n\t\n<\/p><\/div>\n<div class=\"pgpr\">\n<div class=\"row sds3\"  id=\"row-1997697688\">\n\n\t<div id=\"col-631775056\" class=\"col small-12 large-12\"  >\n\t\t\t\t<div class=\"col-inner\"  >\n\t\t\t\n\t\t\t\n<h3>Starten, verkaufen und liefern in Indien \u2013 ohne den Aufwand f\u00fcr den Aufbau eigener Strukturen.<br \/>\n<\/h3>\n<p>Go East Advisors bietet eine komplette Marketing- und Logistikplattform f\u00fcr Chemieunternehmen, die in Indien schnell und kosteng\u00fcnstig eintreten und wachsen wollen. Ohne eine eigene juristische Person gr\u00fcnden zu m\u00fcssen, k\u00f6nnen Sie Ihren eigenen Mitarbeiter innerhalb unserer Infrastruktur einsetzen und von vollst\u00e4ndiger administrativer und Backoffice-Unterst\u00fctzung profitieren. Wir helfen Ihnen auch, Ihre eigene indische Tochtergesellschaft innerhalb unseres B\u00fcronetzwerks zu gr\u00fcnden, wenn der richtige Zeitpunkt gekommen ist. Unsere spezialisierten Logistikdienstleistungen umfassen die zollfreie Einfuhr, die lokale chemische Lagerhaltung und das Umpacken, das auf die indischen Marktstandards zugeschnitten ist. Von der Unterst\u00fctzung bei gesetzlichen Vorschriften bis zur Lieferung auf der letzten Meile stellen wir sicher, dass Ihr Unternehmen vom ersten Tag an reibungslos l\u00e4uft.<\/p>\n\t\t<\/div>\n\t\t\t\t\t<\/div>\n\n\t\n\n\t<div id=\"col-1321952680\" class=\"col poo2 small-12 large-12\"  >\n\t\t\t\t<div class=\"col-inner\"  >\n\t\t\t\n\t\t\t\n\n\t<section class=\"section\" id=\"section_440538896\">\n\t\t<div class=\"section-bg fill\" >\n\t\t\t<img loading=\"lazy\" decoding=\"async\" width=\"1920\" height=\"640\" src=\"https:\/\/go-east-advisors.com\/de\/wp-content\/uploads\/2025\/07\/foeastsub-banner.jpg\" class=\"bg attachment-original size-original\" alt=\"\" \/>\t\t\t\t\t\t\n\t\t\t\n\n\t\t<\/div>\n\n\t\t\n\n\t\t<div class=\"section-content relative\">\n\t\t\t\n<div class=\"row\"  id=\"row-47682350\">\n\n\t<div id=\"col-451329541\" class=\"col medium-3 small-12 large-3\"  >\n\t\t\t\t<div class=\"col-inner\"  >\n\t\t\t\n\t\t\t\n\t<div class=\"img has-hover x md-x lg-x y md-y lg-y\" id=\"image_1132418501\">\n\t\t\t\t\t\t\t\t<div class=\"img-inner dark\" >\n\t\t\t<img loading=\"lazy\" decoding=\"async\" width=\"418\" height=\"626\" src=\"https:\/\/go-east-advisors.com\/de\/wp-content\/uploads\/2025\/07\/building-space_664434-7864.jpg\" class=\"attachment-original size-original\" alt=\"\" srcset=\"https:\/\/go-east-advisors.com\/de\/wp-content\/uploads\/2025\/07\/building-space_664434-7864.jpg 418w, https:\/\/go-east-advisors.com\/de\/wp-content\/uploads\/2025\/07\/building-space_664434-7864-200x300.jpg 200w\" sizes=\"auto, (max-width: 418px) 100vw, 418px\" \/>\t\t\t\t\t\t\n\t\t\t\t\t<\/div>\n\t\t\t\t\t\t\t\t\n<style>\n#image_1132418501 {\n  width: 100%;\n}\n<\/style>\n\t<\/div>\n\t\n\t\t<\/div>\n\t\t\t\t\t<\/div>\n\n\t\n\n\t<div id=\"col-1356315469\" class=\"col medium-9 small-12 large-9\"  >\n\t\t\t\t<div class=\"col-inner\"  >\n\t\t\t\n\t\t\t\n<div class=\"ers\">\n<h3>Verkauf Ihrer Produkte durch Ihren pers\u00f6nlichen Mitarbeiter in unserer Organisation<br \/>\n<\/h3>\n<ul>\n<li>Sie ben\u00f6tigen keine eigene Gesellschaft in Indien\n<\/li>\n<li>Sie k\u00f6nnen sich Ihren Mitarbeiter selbst aussuchen\n<\/li>\n<li>Sie verf\u00fcgren sofort \u00fcber die n\u00f6tige Infrastruktur wie B\u00fcro, Telefon etc.\n<\/li>\n<li>Sie erhalten umfassende Back-office Unterst\u00fctzung durch unsere Organisation\n<\/li>\n<li>Wir k\u00fcmmern uns um alle rechtlichen und administrativen T\u00e4tigkeiten und Ihr Mitarbeiter kann sich um Ihre Gesch\u00e4fte k\u00fcmmern\n<\/li>\n<li>Zur Erschlie\u00dfung und Bearbeitung der indischen M\u00e4rkte k\u00f6nnen Sie jederzeit unsere Expertise als Chemieexperten f\u00fcr sich und Ihre Mitarbeiter nutzen \u2013 je nach Bedarf.\n<\/li>\n<\/ul>\n<\/div>\n\t\t<\/div>\n\t\t\t\t\t<\/div>\n\n\t\n<\/div>\n\t\t<\/div>\n\n\t\t\n<style>\n#section_440538896 {\n  padding-top: 30px;\n  padding-bottom: 30px;\n}\n<\/style>\n\t<\/section>\n\t\n\t\t<\/div>\n\t\t\t\t\t<\/div>\n\n\t\n\n\t<div id=\"col-1653674280\" class=\"col small-12 large-12\"  >\n\t\t\t\t<div class=\"col-inner\"  >\n\t\t\t\n\t\t\t\n<div class=\"row row-dashed klp uij\"  id=\"row-270210754\">\n\n\t<div id=\"col-383282116\" class=\"col small-12 large-12\"  >\n\t\t\t\t<div class=\"col-inner\"  >\n\t\t\t\n\t\t\t\n<h2>Etablierung Ihrer eigenen Gesellschaft in unserer B\u00fcrostruktur<\/p>\n<\/h2>\n\t\t<\/div>\n\t\t\t\t\t<\/div>\n\n\t\n\n\t<div id=\"col-1277694717\" class=\"col medium-3 small-6 large-3\"  >\n\t\t\t\t<div class=\"col-inner\"  >\n\t\t\t\n\t\t\t\n\n\t\t<div class=\"icon-box featured-box icon-box-center text-center\"  >\n\t\t\t\t\t<div class=\"icon-box-img\" style=\"width: 68px\">\n\t\t\t\t<div class=\"icon\">\n\t\t\t\t\t<div class=\"icon-inner\" >\n\t\t\t\t\t\t<img loading=\"lazy\" decoding=\"async\" width=\"300\" height=\"300\" src=\"https:\/\/go-east-advisors.com\/de\/wp-content\/uploads\/2025\/07\/office-300x300.png\" class=\"attachment-medium size-medium\" alt=\"\" srcset=\"https:\/\/go-east-advisors.com\/de\/wp-content\/uploads\/2025\/07\/office-300x300.png 300w, https:\/\/go-east-advisors.com\/de\/wp-content\/uploads\/2025\/07\/office-150x150.png 150w, https:\/\/go-east-advisors.com\/de\/wp-content\/uploads\/2025\/07\/office.png 512w\" sizes=\"auto, (max-width: 300px) 100vw, 300px\" \/>\t\t\t\t\t<\/div>\n\t\t\t\t<\/div>\n\t\t\t<\/div>\n\t\t\t\t<div class=\"icon-box-text last-reset\">\n\t\t\t\t\t\t\t\t\t\n<h3>Wir gr\u00fcnden f\u00fcr Sie die Gesellschaft in Indien<\/p>\n<\/h3>\n\t\t<\/div>\n\t<\/div>\n\t\n\t\n\t\t<\/div>\n\t\t\t\t\t<\/div>\n\n\t\n\n\t<div id=\"col-2003312536\" class=\"col medium-3 small-6 large-3\"  >\n\t\t\t\t<div class=\"col-inner\"  >\n\t\t\t\n\t\t\t\n\n\t\t<div class=\"icon-box featured-box icon-box-center text-center\"  >\n\t\t\t\t\t<div class=\"icon-box-img\" style=\"width: 68px\">\n\t\t\t\t<div class=\"icon\">\n\t\t\t\t\t<div class=\"icon-inner\" >\n\t\t\t\t\t\t<img loading=\"lazy\" decoding=\"async\" width=\"300\" height=\"300\" src=\"https:\/\/go-east-advisors.com\/de\/wp-content\/uploads\/2025\/07\/employee-300x300.png\" class=\"attachment-medium size-medium\" alt=\"\" srcset=\"https:\/\/go-east-advisors.com\/de\/wp-content\/uploads\/2025\/07\/employee-300x300.png 300w, https:\/\/go-east-advisors.com\/de\/wp-content\/uploads\/2025\/07\/employee-150x150.png 150w, https:\/\/go-east-advisors.com\/de\/wp-content\/uploads\/2025\/07\/employee.png 512w\" sizes=\"auto, (max-width: 300px) 100vw, 300px\" \/>\t\t\t\t\t<\/div>\n\t\t\t\t<\/div>\n\t\t\t<\/div>\n\t\t\t\t<div class=\"icon-box-text last-reset\">\n\t\t\t\t\t\t\t\t\t\n<h3>Sie stellen (Vertriebs-) Mitarbeiter ein<\/p>\n<\/h3>\n\t\t<\/div>\n\t<\/div>\n\t\n\t\n\t\t<\/div>\n\t\t\t\t\t<\/div>\n\n\t\n\n\t<div id=\"col-1900821864\" class=\"col medium-3 small-6 large-3\"  >\n\t\t\t\t<div class=\"col-inner\"  >\n\t\t\t\n\t\t\t\n\n\t\t<div class=\"icon-box featured-box icon-box-center text-center\"  >\n\t\t\t\t\t<div class=\"icon-box-img\" style=\"width: 68px\">\n\t\t\t\t<div class=\"icon\">\n\t\t\t\t\t<div class=\"icon-inner\" >\n\t\t\t\t\t\t<img loading=\"lazy\" decoding=\"async\" width=\"300\" height=\"300\" src=\"https:\/\/go-east-advisors.com\/de\/wp-content\/uploads\/2025\/07\/administrative-300x300.png\" class=\"attachment-medium size-medium\" alt=\"\" srcset=\"https:\/\/go-east-advisors.com\/de\/wp-content\/uploads\/2025\/07\/administrative-300x300.png 300w, https:\/\/go-east-advisors.com\/de\/wp-content\/uploads\/2025\/07\/administrative-150x150.png 150w, https:\/\/go-east-advisors.com\/de\/wp-content\/uploads\/2025\/07\/administrative.png 512w\" sizes=\"auto, (max-width: 300px) 100vw, 300px\" \/>\t\t\t\t\t<\/div>\n\t\t\t\t<\/div>\n\t\t\t<\/div>\n\t\t\t\t<div class=\"icon-box-text last-reset\">\n\t\t\t\t\t\t\t\t\t\n<h3>Sie erhalten administrative Services und die B\u00fcroinfrastruktur von uns<\/p>\n<\/h3>\n\t\t<\/div>\n\t<\/div>\n\t\n\t\n\t\t<\/div>\n\t\t\t\t\t<\/div>\n\n\t\n\n\t<div id=\"col-1687608111\" class=\"col medium-3 small-6 large-3\"  >\n\t\t\t\t<div class=\"col-inner\"  >\n\t\t\t\n\t\t\t\n\n\t\t<div class=\"icon-box featured-box icon-box-center text-center\"  >\n\t\t\t\t\t<div class=\"icon-box-img\" style=\"width: 68px\">\n\t\t\t\t<div class=\"icon\">\n\t\t\t\t\t<div class=\"icon-inner\" >\n\t\t\t\t\t\t<img loading=\"lazy\" decoding=\"async\" width=\"300\" height=\"300\" src=\"https:\/\/go-east-advisors.com\/de\/wp-content\/uploads\/2025\/07\/chem-300x300.png\" class=\"attachment-medium size-medium\" alt=\"\" srcset=\"https:\/\/go-east-advisors.com\/de\/wp-content\/uploads\/2025\/07\/chem-300x300.png 300w, https:\/\/go-east-advisors.com\/de\/wp-content\/uploads\/2025\/07\/chem-150x150.png 150w, https:\/\/go-east-advisors.com\/de\/wp-content\/uploads\/2025\/07\/chem.png 512w\" sizes=\"auto, (max-width: 300px) 100vw, 300px\" \/>\t\t\t\t\t<\/div>\n\t\t\t\t<\/div>\n\t\t\t<\/div>\n\t\t\t\t<div class=\"icon-box-text last-reset\">\n\t\t\t\t\t\t\t\t\t\n<h3>Zur Bearbeitung der indischen M\u00e4rkte k\u00f6nnen Sie jederzeit unsere Expertise als Chemieexperten f\u00fcr sich und Ihre Mitarbeiter nutzen nehmen \u2013 je nach Bedarf.<\/p>\n<\/h3>\n\t\t<\/div>\n\t<\/div>\n\t\n\t\n\t\t<\/div>\n\t\t\t\t\t<\/div>\n\n\t\n<\/div>\n<div class=\"row row-dashed klp uij\"  id=\"row-301706017\">\n\n\t<div id=\"col-1034984986\" class=\"col small-12 large-12\"  >\n\t\t\t\t<div class=\"col-inner\"  >\n\t\t\t\n\t\t\t\n<h2>   Einfuhr Ihrer Produkte \u00fcber eine Freihandelszone<\/p>\n<\/h2>\n\t\t<\/div>\n\t\t\t\t\t<\/div>\n\n\t\n\n\t<div id=\"col-1121443856\" class=\"col medium-4 small-6 large-4\"  >\n\t\t\t\t<div class=\"col-inner\"  >\n\t\t\t\n\t\t\t\n\n\t\t<div class=\"icon-box featured-box icon-box-center text-center\"  >\n\t\t\t\t\t<div class=\"icon-box-img\" style=\"width: 68px\">\n\t\t\t\t<div class=\"icon\">\n\t\t\t\t\t<div class=\"icon-inner\" >\n\t\t\t\t\t\t<img loading=\"lazy\" decoding=\"async\" width=\"300\" height=\"300\" src=\"https:\/\/go-east-advisors.com\/de\/wp-content\/uploads\/2025\/07\/tax33-300x300.png\" class=\"attachment-medium size-medium\" alt=\"\" srcset=\"https:\/\/go-east-advisors.com\/de\/wp-content\/uploads\/2025\/07\/tax33-300x300.png 300w, https:\/\/go-east-advisors.com\/de\/wp-content\/uploads\/2025\/07\/tax33-150x150.png 150w, https:\/\/go-east-advisors.com\/de\/wp-content\/uploads\/2025\/07\/tax33.png 512w\" sizes=\"auto, (max-width: 300px) 100vw, 300px\" \/>\t\t\t\t\t<\/div>\n\t\t\t\t<\/div>\n\t\t\t<\/div>\n\t\t\t\t<div class=\"icon-box-text last-reset\">\n\t\t\t\t\t\t\t\t\t\n<h3> bis zum Verkauf sparen Sie sich Zollformalit\u00e4ten und \u2013kosten und Steuern<\/p>\n<\/h3>\n\t\t<\/div>\n\t<\/div>\n\t\n\t\n\t\t<\/div>\n\t\t\t\t\t<\/div>\n\n\t\n\n\t<div id=\"col-625030635\" class=\"col medium-4 small-6 large-4\"  >\n\t\t\t\t<div class=\"col-inner\"  >\n\t\t\t\n\t\t\t\n\n\t\t<div class=\"icon-box featured-box icon-box-center text-center\"  >\n\t\t\t\t\t<div class=\"icon-box-img\" style=\"width: 68px\">\n\t\t\t\t<div class=\"icon\">\n\t\t\t\t\t<div class=\"icon-inner\" >\n\t\t\t\t\t\t<img loading=\"lazy\" decoding=\"async\" width=\"300\" height=\"300\" src=\"https:\/\/go-east-advisors.com\/de\/wp-content\/uploads\/2025\/07\/fast-300x300.png\" class=\"attachment-medium size-medium\" alt=\"\" srcset=\"https:\/\/go-east-advisors.com\/de\/wp-content\/uploads\/2025\/07\/fast-300x300.png 300w, https:\/\/go-east-advisors.com\/de\/wp-content\/uploads\/2025\/07\/fast-150x150.png 150w, https:\/\/go-east-advisors.com\/de\/wp-content\/uploads\/2025\/07\/fast.png 512w\" sizes=\"auto, (max-width: 300px) 100vw, 300px\" \/>\t\t\t\t\t<\/div>\n\t\t\t\t<\/div>\n\t\t\t<\/div>\n\t\t\t\t<div class=\"icon-box-text last-reset\">\n\t\t\t\t\t\t\t\t\t\n<h3>Ihre Produkte sind schneller beim Kunden<\/p>\n<\/h3>\n\t\t<\/div>\n\t<\/div>\n\t\n\t\n\t\t<\/div>\n\t\t\t\t\t<\/div>\n\n\t\n\n\t<div id=\"col-2017618411\" class=\"col medium-4 small-6 large-4\"  >\n\t\t\t\t<div class=\"col-inner\"  >\n\t\t\t\n\t\t\t\n\n\t\t<div class=\"icon-box featured-box icon-box-center text-center\"  >\n\t\t\t\t\t<div class=\"icon-box-img\" style=\"width: 68px\">\n\t\t\t\t<div class=\"icon\">\n\t\t\t\t\t<div class=\"icon-inner\" >\n\t\t\t\t\t\t<img loading=\"lazy\" decoding=\"async\" width=\"300\" height=\"300\" src=\"https:\/\/go-east-advisors.com\/de\/wp-content\/uploads\/2025\/07\/goodsrecall-300x300.png\" class=\"attachment-medium size-medium\" alt=\"\" srcset=\"https:\/\/go-east-advisors.com\/de\/wp-content\/uploads\/2025\/07\/goodsrecall-300x300.png 300w, https:\/\/go-east-advisors.com\/de\/wp-content\/uploads\/2025\/07\/goodsrecall-150x150.png 150w, https:\/\/go-east-advisors.com\/de\/wp-content\/uploads\/2025\/07\/goodsrecall.png 512w\" sizes=\"auto, (max-width: 300px) 100vw, 300px\" \/>\t\t\t\t\t<\/div>\n\t\t\t\t<\/div>\n\t\t\t<\/div>\n\t\t\t\t<div class=\"icon-box-text last-reset\">\n\t\t\t\t\t\t\t\t\t\n<h3>Ihre Ware kann jederzeit zur\u00fcckgeholt werden, falls Kunden abspringen oder Anforderungsprofile sich \u00e4ndern<\/p>\n<\/h3>\n\t\t<\/div>\n\t<\/div>\n\t\n\t\n\t\t<\/div>\n\t\t\t\t\t<\/div>\n\n\t\n<\/div>\n<div class=\"row row-dashed klp uij\"  id=\"row-1675056349\">\n\n\t<div id=\"col-719075174\" class=\"col small-12 large-12\"  >\n\t\t\t\t<div class=\"col-inner\"  >\n\t\t\t\n\t\t\t\n<h2>  Einfuhr, Lagerung und Versand Ihrer Produkte \u00fcber unser Chemie-Lager<\/p>\n<\/h2>\n\t\t<\/div>\n\t\t\t\t\t<\/div>\n\n\t\n\n\t<div id=\"col-2054671224\" class=\"col medium-4 small-6 large-4\"  >\n\t\t\t\t<div class=\"col-inner\"  >\n\t\t\t\n\t\t\t\n\n\t\t<div class=\"icon-box featured-box icon-box-center text-center\"  >\n\t\t\t\t\t<div class=\"icon-box-img\" style=\"width: 68px\">\n\t\t\t\t<div class=\"icon\">\n\t\t\t\t\t<div class=\"icon-inner\" >\n\t\t\t\t\t\t<img loading=\"lazy\" decoding=\"async\" width=\"300\" height=\"300\" src=\"https:\/\/go-east-advisors.com\/de\/wp-content\/uploads\/2025\/07\/warehouse2-300x300.png\" class=\"attachment-medium size-medium\" alt=\"\" srcset=\"https:\/\/go-east-advisors.com\/de\/wp-content\/uploads\/2025\/07\/warehouse2-300x300.png 300w, https:\/\/go-east-advisors.com\/de\/wp-content\/uploads\/2025\/07\/warehouse2-150x150.png 150w, https:\/\/go-east-advisors.com\/de\/wp-content\/uploads\/2025\/07\/warehouse2.png 512w\" sizes=\"auto, (max-width: 300px) 100vw, 300px\" \/>\t\t\t\t\t<\/div>\n\t\t\t\t<\/div>\n\t\t\t<\/div>\n\t\t\t\t<div class=\"icon-box-text last-reset\">\n\t\t\t\t\t\t\t\t\t\n<h3> Hochregallager mit Genehmigung f\u00fcr Chemieprodukte gemanagt von Chemie-Experten<\/p>\n<\/h3>\n\t\t<\/div>\n\t<\/div>\n\t\n\t\n\t\t<\/div>\n\t\t\t\t\t<\/div>\n\n\t\n\n\t<div id=\"col-320669898\" class=\"col medium-4 small-6 large-4\"  >\n\t\t\t\t<div class=\"col-inner\"  >\n\t\t\t\n\t\t\t\n\n\t\t<div class=\"icon-box featured-box icon-box-center text-center\"  >\n\t\t\t\t\t<div class=\"icon-box-img\" style=\"width: 68px\">\n\t\t\t\t<div class=\"icon\">\n\t\t\t\t\t<div class=\"icon-inner\" >\n\t\t\t\t\t\t<img loading=\"lazy\" decoding=\"async\" width=\"300\" height=\"300\" src=\"https:\/\/go-east-advisors.com\/de\/wp-content\/uploads\/2025\/07\/location-300x300.png\" class=\"attachment-medium size-medium\" alt=\"\" srcset=\"https:\/\/go-east-advisors.com\/de\/wp-content\/uploads\/2025\/07\/location-300x300.png 300w, https:\/\/go-east-advisors.com\/de\/wp-content\/uploads\/2025\/07\/location-150x150.png 150w, https:\/\/go-east-advisors.com\/de\/wp-content\/uploads\/2025\/07\/location.png 512w\" sizes=\"auto, (max-width: 300px) 100vw, 300px\" \/>\t\t\t\t\t<\/div>\n\t\t\t\t<\/div>\n\t\t\t<\/div>\n\t\t\t\t<div class=\"icon-box-text last-reset\">\n\t\t\t\t\t\t\t\t\t\n<h3>Kurze Wege zu Kunden, da Lage in bzw. unweit der Chemiezentren in Maharashtra und Gujarat<\/p>\n<\/h3>\n\t\t<\/div>\n\t<\/div>\n\t\n\t\n\t\t<\/div>\n\t\t\t\t\t<\/div>\n\n\t\n\n\t<div id=\"col-152111830\" class=\"col medium-4 small-6 large-4\"  >\n\t\t\t\t<div class=\"col-inner\"  >\n\t\t\t\n\t\t\t\n\n\t\t<div class=\"icon-box featured-box icon-box-center text-center\"  >\n\t\t\t\t\t<div class=\"icon-box-img\" style=\"width: 68px\">\n\t\t\t\t<div class=\"icon\">\n\t\t\t\t\t<div class=\"icon-inner\" >\n\t\t\t\t\t\t<img loading=\"lazy\" decoding=\"async\" width=\"300\" height=\"300\" src=\"https:\/\/go-east-advisors.com\/de\/wp-content\/uploads\/2025\/07\/port-300x300.png\" class=\"attachment-medium size-medium\" alt=\"\" srcset=\"https:\/\/go-east-advisors.com\/de\/wp-content\/uploads\/2025\/07\/port-300x300.png 300w, https:\/\/go-east-advisors.com\/de\/wp-content\/uploads\/2025\/07\/port-150x150.png 150w, https:\/\/go-east-advisors.com\/de\/wp-content\/uploads\/2025\/07\/port.png 512w\" sizes=\"auto, (max-width: 300px) 100vw, 300px\" \/>\t\t\t\t\t<\/div>\n\t\t\t\t<\/div>\n\t\t\t<\/div>\n\t\t\t\t<div class=\"icon-box-text last-reset\">\n\t\t\t\t\t\t\t\t\t\n<h3>Kurze logistische Wege, da in der N\u00e4he des Hafens von Mumbai und des neuen Flughafens Mumba lokalisiert<\/p>\n<\/h3>\n\t\t<\/div>\n\t<\/div>\n\t\n\t\n\t\t<\/div>\n\t\t\t\t\t<\/div>\n\n\t\n<\/div>\n<div class=\"row row-dashed klp uij po\"  id=\"row-166584274\">\n\n\t<div id=\"col-1428364192\" class=\"col small-12 large-12\"  >\n\t\t\t\t<div class=\"col-inner\"  >\n\t\t\t\n\t\t\t\n<h2>  Umverpackung und Abf\u00fcllung Ihrer Produkte in unserem Lager<\/p>\n<\/h2>\n\t\t<\/div>\n\t\t\t\t\t<\/div>\n\n\t\n\n\t<div id=\"col-835713940\" class=\"col medium-4 small-6 large-4\"  >\n\t\t\t\t<div class=\"col-inner\"  >\n\t\t\t\n\t\t\t\n\n\t\t<div class=\"icon-box featured-box icon-box-center text-center\"  >\n\t\t\t\t\t<div class=\"icon-box-img\" style=\"width: 68px\">\n\t\t\t\t<div class=\"icon\">\n\t\t\t\t\t<div class=\"icon-inner\" >\n\t\t\t\t\t\t<img loading=\"lazy\" decoding=\"async\" width=\"300\" height=\"300\" src=\"https:\/\/go-east-advisors.com\/de\/wp-content\/uploads\/2025\/07\/packi-300x300.png\" class=\"attachment-medium size-medium\" alt=\"\" srcset=\"https:\/\/go-east-advisors.com\/de\/wp-content\/uploads\/2025\/07\/packi-300x300.png 300w, https:\/\/go-east-advisors.com\/de\/wp-content\/uploads\/2025\/07\/packi-150x150.png 150w, https:\/\/go-east-advisors.com\/de\/wp-content\/uploads\/2025\/07\/packi.png 512w\" sizes=\"auto, (max-width: 300px) 100vw, 300px\" \/>\t\t\t\t\t<\/div>\n\t\t\t\t<\/div>\n\t\t\t<\/div>\n\t\t\t\t<div class=\"icon-box-text last-reset\">\n\t\t\t\t\t\t\t\t\t\n<h3> In Euroa \u00fcbliche Verpackungsformen (z.B. Big Bags) werden in Indien h\u00e4ufig von Kunden nicht akzeptiert und der Markt verlangt nach alternativen Verpackungsgr\u00f6\u00dfen<\/p>\n<\/h3>\n\t\t<\/div>\n\t<\/div>\n\t\n\t\n\t\t<\/div>\n\t\t\t\t\t<\/div>\n\n\t\n\n\t<div id=\"col-1940698158\" class=\"col medium-4 small-6 large-4\"  >\n\t\t\t\t<div class=\"col-inner\"  >\n\t\t\t\n\t\t\t\n\n\t\t<div class=\"icon-box featured-box icon-box-center text-center\"  >\n\t\t\t\t\t<div class=\"icon-box-img\" style=\"width: 68px\">\n\t\t\t\t<div class=\"icon\">\n\t\t\t\t\t<div class=\"icon-inner\" >\n\t\t\t\t\t\t<img loading=\"lazy\" decoding=\"async\" width=\"300\" height=\"300\" src=\"https:\/\/go-east-advisors.com\/de\/wp-content\/uploads\/2025\/07\/manpower23-300x300.png\" class=\"attachment-medium size-medium\" alt=\"\" srcset=\"https:\/\/go-east-advisors.com\/de\/wp-content\/uploads\/2025\/07\/manpower23-300x300.png 300w, https:\/\/go-east-advisors.com\/de\/wp-content\/uploads\/2025\/07\/manpower23-150x150.png 150w, https:\/\/go-east-advisors.com\/de\/wp-content\/uploads\/2025\/07\/manpower23.png 512w\" sizes=\"auto, (max-width: 300px) 100vw, 300px\" \/>\t\t\t\t\t<\/div>\n\t\t\t\t<\/div>\n\t\t\t<\/div>\n\t\t\t\t<div class=\"icon-box-text last-reset\">\n\t\t\t\t\t\t\t\t\t\n<h3>Falls Produktionen in Europa nicht vollst\u00e4ndig automatisiert sind, k\u00f6nnen manuelle Arbeiten wie Abf\u00fcllen in Kleingebinde bzw. Umpacken von Big Bags in 25kg S\u00e4cke in Indien zu deutlich geringeren Kosten erledigt werden<\/p>\n<\/h3>\n\t\t<\/div>\n\t<\/div>\n\t\n\t\n\t\t<\/div>\n\t\t\t\t\t<\/div>\n\n\t\n\n\t<div id=\"col-64337001\" class=\"col medium-4 small-6 large-4\"  >\n\t\t\t\t<div class=\"col-inner\"  >\n\t\t\t\n\t\t\t\n\n\t\t<div class=\"icon-box featured-box icon-box-center text-center\"  >\n\t\t\t\t\t<div class=\"icon-box-img\" style=\"width: 68px\">\n\t\t\t\t<div class=\"icon\">\n\t\t\t\t\t<div class=\"icon-inner\" >\n\t\t\t\t\t\t<img loading=\"lazy\" decoding=\"async\" width=\"300\" height=\"300\" src=\"https:\/\/go-east-advisors.com\/de\/wp-content\/uploads\/2025\/07\/packi2-300x300.png\" class=\"attachment-medium size-medium\" alt=\"\" srcset=\"https:\/\/go-east-advisors.com\/de\/wp-content\/uploads\/2025\/07\/packi2-300x300.png 300w, https:\/\/go-east-advisors.com\/de\/wp-content\/uploads\/2025\/07\/packi2-150x150.png 150w, https:\/\/go-east-advisors.com\/de\/wp-content\/uploads\/2025\/07\/packi2.png 512w\" sizes=\"auto, (max-width: 300px) 100vw, 300px\" \/>\t\t\t\t\t<\/div>\n\t\t\t\t<\/div>\n\t\t\t<\/div>\n\t\t\t\t<div class=\"icon-box-text last-reset\">\n\t\t\t\t\t\t\t\t\t\n<h3>Auf kurzfristige Bedarfsschwankungen der verschiedenen Verpackungsformen in Indien k\u00f6nnen Sie so besser reagieren<\/p>\n<\/h3>\n\t\t<\/div>\n\t<\/div>\n\t\n\t\n\t\t<\/div>\n\t\t\t\t\t<\/div>\n\n\t\n<\/div>\n\t\t<\/div>\n\t\t\t\t\t<\/div>\n\n\t\n<\/div>\n<\/p><\/div>\n","protected":false},"excerpt":{"rendered":"","protected":false},"author":1,"featured_media":0,"parent":0,"menu_order":0,"comment_status":"closed","ping_status":"closed","template":"page-blank.php","meta":{"footnotes":""},"class_list":["post-70","page","type-page","status-publish","hentry"],"_links":{"self":[{"href":"https:\/\/go-east-advisors.com\/de\/wp-json\/wp\/v2\/pages\/70","targetHints":{"allow":["GET"]}}],"collection":[{"href":"https:\/\/go-east-advisors.com\/de\/wp-json\/wp\/v2\/pages"}],"about":[{"href":"https:\/\/go-east-advisors.com\/de\/wp-json\/wp\/v2\/types\/page"}],"author":[{"embeddable":true,"href":"https:\/\/go-east-advisors.com\/de\/wp-json\/wp\/v2\/users\/1"}],"replies":[{"embeddable":true,"href":"https:\/\/go-east-advisors.com\/de\/wp-json\/wp\/v2\/comments?post=70"}],"version-history":[{"count":35,"href":"https:\/\/go-east-advisors.com\/de\/wp-json\/wp\/v2\/pages\/70\/revisions"}],"predecessor-version":[{"id":533,"href":"https:\/\/go-east-advisors.com\/de\/wp-json\/wp\/v2\/pages\/70\/revisions\/533"}],"wp:attachment":[{"href":"https:\/\/go-east-advisors.com\/de\/wp-json\/wp\/v2\/media?parent=70"}],"curies":[{"name":"wp","href":"https:\/\/api.w.org\/{rel}","templated":true}]}}